{"id":2818,"date":"2025-09-25T08:15:46","date_gmt":"2025-09-25T08:15:46","guid":{"rendered":"https:\/\/buyegglass.com\/?post_type=product&#038;p=2818"},"modified":"2025-10-10T08:16:53","modified_gmt":"2025-10-10T08:16:53","slug":"es2237-dab-oil-rigs-glass-bent-neck-tree-perc-diffuser","status":"publish","type":"product","link":"https:\/\/buyegglass.com\/de\/product\/es2237-dab-oil-rigs-glass-bent-neck-tree-perc-diffuser\/","title":{"rendered":"ES2237 Dab \u00d6l Rigs Glas gebogenen Hals Baum Perc Diffusor"},"content":{"rendered":"<h2>ES2237 Dab \u00d6l Rigs Glas gebogenen Hals Baum Perc Diffusor<\/h2>\n<p>Der ES2237 Dab Oil Rigs Glass Bent Neck Tree Perc Diffuser ist ein sorgf\u00e4ltig entworfenes Produkt, das Sch\u00f6nheit, Widerstandsf\u00e4higkeit und reibungslose Leistung vereint. Stehend bei 8 Zoll hoch, ist dieses Rig aus Kosten Borosilikatglas gefertigt, so dass bestimmte W\u00e4rmebest\u00e4ndigkeit und widerstandsf\u00e4hig zu verwenden. Sein gebogener Hals macht jede Sitzung besonders bequem und minimiert gleichzeitig das Zur\u00fcckspritzen, so dass ein befriedigendes und st\u00f6rungsfreies Erlebnis entsteht.<\/p>\n<p>Sanfte Entschlackung mit Tree Perc Diffuser<\/p>\n<p>Das Herzst\u00fcck dieser Ausr\u00fcstung ist der Tree Perc Diffusor, der eine hochentwickelte Reinigung bietet, indem er den Rauch in kleinere Blasen zerlegt. Dieses Verfahren produziert glattere Treffer, k\u00fchlt den Dampf und verbessert den Geschmack mit jedem Zug. Die pr\u00e4zise Glasarbeit sorgt daf\u00fcr, dass jeder Zug sauber und angenehm ist, ideal f\u00fcr diejenigen, die sowohl Wert auf die Art als auch auf die Funktion legen.<\/p>\n<p>Moderner Stil und Funktionalit\u00e4t<\/p>\n<p>Der ES2237 von Bit Oil Rigs wurde mit Blick auf Einfachheit und Klasse hergestellt. Das kristallklare Glas erm\u00f6glicht es Ihnen, den Reinigungsvorgang zu beobachten, und bietet Ihnen sowohl visuellen Charme als auch n\u00fctzliches Feedback. Der gro\u00dfe Sockel sorgt f\u00fcr Stabilit\u00e4t und macht das Ger\u00e4t robust und zuverl\u00e4ssig f\u00fcr den t\u00e4glichen Gebrauch. Der gebogene Hals verbessert die Benutzerfreundlichkeit, reduziert den Druck und sorgt f\u00fcr eine ergonomische Zirkulation.<\/p>\n<p>Warum dieses Rigg w\u00e4hlen<\/p>\n<p>Egal, ob Du ein Enthusiast oder ein Neuling im Dabbing bist, der ES2237 Dab Oil Rigs Glass Bent Neck Tree Perc Diffuser bietet die beste Balance zwischen Handwerkskunst und Effizienz. Die Mischung aus hochwertigen Produkten und genialem Stil sorgt daf\u00fcr, dass er zu einem vertrauensw\u00fcrdigen Herzst\u00fcck Deiner Sammlung wird.<\/p>\n<p>Bei dieser Ausr\u00fcstung geht es nicht um \u00c4u\u00dferlichkeiten, sondern darum, jedes Mal gleichm\u00e4\u00dfige, geschmeidige und k\u00f6stliche Treffer zu landen. Konstruiert, um Leistung zu erbringen und gemacht, um zu halten, ist es ein Muss f\u00fcr jeden wichtigen in Bezug auf ihre Sitzungen haben.<\/p>","protected":false},"excerpt":{"rendered":"<p>The ES2237 Dab Oil Rigs Glass Bent Neck Tree Perc Diffuser stands 8 inches tall, featuring durable borosilicate glass, a bent neck to prevent splashback, and a tree perc diffuser for smooth, clean filtration. Its sturdy round base ensures balance and stability for an enjoyable session.<\/p>","protected":false},"featured_media":2822,"comment_status":"open","ping_status":"closed","template":"","meta":[],"product_brand":[],"product_cat":[41],"product_tag":[128,168,183],"class_list":{"0":"post-2818","1":"product","2":"type-product","3":"status-publish","4":"has-post-thumbnail","6":"product_cat-dab-oil-rigs","7":"product_tag-dab-oil-rig","8":"product_tag-glass-water-pipe","9":"product_tag-tree-perc-diffuser","11":"first","12":"instock","13":"shipping-taxable","14":"purchasable","15":"product-type-variable"},"_links":{"self":[{"href":"https:\/\/buyegglass.com\/de\/wp-json\/wp\/v2\/product\/2818","targetHints":{"allow":["GET"]}}],"collection":[{"href":"https:\/\/buyegglass.com\/de\/wp-json\/wp\/v2\/product"}],"about":[{"href":"https:\/\/buyegglass.com\/de\/wp-json\/wp\/v2\/types\/product"}],"replies":[{"embeddable":true,"href":"https:\/\/buyegglass.com\/de\/wp-json\/wp\/v2\/comments?post=2818"}],"wp:featuredmedia":[{"embeddable":true,"href":"https:\/\/buyegglass.com\/de\/wp-json\/wp\/v2\/media\/2822"}],"wp:attachment":[{"href":"https:\/\/buyegglass.com\/de\/wp-json\/wp\/v2\/media?parent=2818"}],"wp:term":[{"taxonomy":"product_brand","embeddable":true,"href":"https:\/\/buyegglass.com\/de\/wp-json\/wp\/v2\/product_brand?post=2818"},{"taxonomy":"product_cat","embeddable":true,"href":"https:\/\/buyegglass.com\/de\/wp-json\/wp\/v2\/product_cat?post=2818"},{"taxonomy":"product_tag","embeddable":true,"href":"https:\/\/buyegglass.com\/de\/wp-json\/wp\/v2\/product_tag?post=2818"}],"curies":[{"name":"wp","href":"https:\/\/api.w.org\/{rel}","templated":true}]}}