{"id":2764,"date":"2025-09-25T07:38:18","date_gmt":"2025-09-25T07:38:18","guid":{"rendered":"https:\/\/buyegglass.com\/?post_type=product&#038;p=2764"},"modified":"2025-10-10T09:42:47","modified_gmt":"2025-10-10T09:42:47","slug":"hand-pipe-bsh15-bonsai-series-wig-wag-cactus-pot-5-7inch","status":"publish","type":"product","link":"https:\/\/buyegglass.com\/de\/product\/hand-pipe-bsh15-bonsai-series-wig-wag-cactus-pot-5-7inch\/","title":{"rendered":"Hand Pipe BSH15 Bonsai Serie Wig Wag Kaktus Topf 5.7inch"},"content":{"rendered":"<h2>Hand Pipeline BSH15 Bonsai Sammlung Wig Wag Kaktus Topf 5,7 Zoll<\/h2>\n<p>Die Handpipeline BSH15 Bonsai Collection Wig Wag Cactus Pot 5.7 Inch ist ein eindrucksvolles Beispiel f\u00fcr kreatives Denken in Verbindung mit Funktionalit\u00e4t. Entworfen mit einem kaktusf\u00f6rmigen K\u00f6rper, der an einem lebendigen Topfboden emporsteigt, ist diese Handpfeife nicht nur praktisch, sondern dient auch als dekoratives St\u00fcck. Sie ist aus kostbarem Borosilikatglas gefertigt und bietet eine hohe Widerstandsf\u00e4higkeit und W\u00e4rmebest\u00e4ndigkeit, so dass sie lange benutzt werden kann, ohne ihr lebendiges Design zu verlieren.<\/p>\n<p>Jede Handpfeife verf\u00fcgt \u00fcber einzigartige Per\u00fcckenmuster und brillante Farbmischungen, die jedes St\u00fcck etwas anders machen und ihm einen einzigartigen Charme verleihen. Bei 5,7 Zoll, die kompakte Dimension sorgt f\u00fcr Mobilit\u00e4t, w\u00e4hrend immer noch einen bequemen Griff und glatte Luftstrom f\u00fcr eine befriedigende Zigarette rauchen Sitzung.<\/p>\n<p>Funktionen des Wig Wag Cactus Pot<\/p>\n<p>Das von einem Kaktus inspirierte Layout ist sowohl temperamentvoll als auch praktisch. Die verl\u00e4ngerten Arme des Kaktus bilden eine leicht zu haltende Form, die w\u00e4hrend des Betriebs f\u00fcr Stabilit\u00e4t sorgt. Der lebendige Topfboden verbessert die \u00e4sthetische Wirkung und verleiht Ihrer Sammlung einen Hauch von Virtuosit\u00e4t. Diese Handpipeline BSH15 ist nicht nur optimal f\u00fcr den individuellen Gebrauch, sondern sorgt auch f\u00fcr Gespr\u00e4chsstoff, wenn sie pr\u00e4sentiert wird.<\/p>\n<p>Das Borosilikatglas garantiert, dass es wiederholten Heizzyklen standh\u00e4lt, ohne seine Integrit\u00e4t zu gef\u00e4hrden. Das polierte Mundst\u00fcck und die durchdachte Kammer sorgen f\u00fcr sanfte Z\u00fcge und machen ihn zu einer fantastischen Wahl sowohl f\u00fcr Gelegenheits- als auch f\u00fcr erfahrene Kunden.<\/p>\n<p>Dieses Modell aus der Bonsai-Serie verbindet k\u00fcnstlerisches, kreatives Denken mit praktischer Verarbeitung und bietet einen Artikel, der bei Sammlern und t\u00e4glichen Rauchern gleicherma\u00dfen Anklang findet. Ganz gleich, ob Sie Leistung, Transportf\u00e4higkeit oder ein besonderes Stilmerkmal suchen, diese Kaktustopf-Pipeline bietet alle drei Eigenschaften in einem.<\/p>\n<p>Die Hand Pipeline BSH15 Bonsai Series Wig Wag Cactus Pot 5.7 Inch steht als eine sch\u00f6ne Mischung aus Virtuosit\u00e4t und Funktionalit\u00e4t, alle eingestellt, um Ihre Rauchen Zigaretten Erfahrung mit Flair zu verbessern.<\/p>","protected":false},"excerpt":{"rendered":"<p>The Hand Pipe BSH15 Bonsai Series Wig Wag Cactus Pot 5.7inch blends artistry with function. Crafted from durable borosilicate glass, its vibrant cactus design and colorful pot base make it a standout piece. Portable, unique, and smooth-hitting, it\u2019s perfect for collectors and everyday use alike.<\/p>","protected":false},"featured_media":2767,"comment_status":"open","ping_status":"closed","template":"","meta":[],"product_brand":[],"product_cat":[43],"product_tag":[163,162,138],"class_list":{"0":"post-2764","1":"product","2":"type-product","3":"status-publish","4":"has-post-thumbnail","6":"product_cat-hand-pipe","7":"product_tag-borosilicate-smoking-accessory","8":"product_tag-cactus-pipe","9":"product_tag-glass-hand-pipe","11":"first","12":"instock","13":"shipping-taxable","14":"purchasable","15":"product-type-variable"},"_links":{"self":[{"href":"https:\/\/buyegglass.com\/de\/wp-json\/wp\/v2\/product\/2764","targetHints":{"allow":["GET"]}}],"collection":[{"href":"https:\/\/buyegglass.com\/de\/wp-json\/wp\/v2\/product"}],"about":[{"href":"https:\/\/buyegglass.com\/de\/wp-json\/wp\/v2\/types\/product"}],"replies":[{"embeddable":true,"href":"https:\/\/buyegglass.com\/de\/wp-json\/wp\/v2\/comments?post=2764"}],"wp:featuredmedia":[{"embeddable":true,"href":"https:\/\/buyegglass.com\/de\/wp-json\/wp\/v2\/media\/2767"}],"wp:attachment":[{"href":"https:\/\/buyegglass.com\/de\/wp-json\/wp\/v2\/media?parent=2764"}],"wp:term":[{"taxonomy":"product_brand","embeddable":true,"href":"https:\/\/buyegglass.com\/de\/wp-json\/wp\/v2\/product_brand?post=2764"},{"taxonomy":"product_cat","embeddable":true,"href":"https:\/\/buyegglass.com\/de\/wp-json\/wp\/v2\/product_cat?post=2764"},{"taxonomy":"product_tag","embeddable":true,"href":"https:\/\/buyegglass.com\/de\/wp-json\/wp\/v2\/product_tag?post=2764"}],"curies":[{"name":"wp","href":"https:\/\/api.w.org\/{rel}","templated":true}]}}