{"id":2746,"date":"2025-09-25T07:26:47","date_gmt":"2025-09-25T07:26:47","guid":{"rendered":"https:\/\/buyegglass.com\/?post_type=product&#038;p=2746"},"modified":"2025-10-10T08:24:25","modified_gmt":"2025-10-10T08:24:25","slug":"dab-oil-rigs-es2233-glass-11-inch-matrix-perc-bubbler-shop","status":"publish","type":"product","link":"https:\/\/buyegglass.com\/de\/product\/dab-oil-rigs-es2233-glass-11-inch-matrix-perc-bubbler-shop\/","title":{"rendered":"Dab Oil Rigs ES2233 Glas 11 Zoll Matrix Perc Bubbler Shop"},"content":{"rendered":"<h2>Bit Oil Rigs ES2233 Glas 11 Zoll Matrix Perc Bubbler<\/h2>\n<p>Der Bit Oil Rigs ES2233 ist ein kostspieliger 11-Zoll-Borosilikatglas-Bubbler, der f\u00fcr Langlebigkeit, Klarheit und reibungslose Leistung sorgt. Seine hohe runde K\u00f6rper umfasst eine starke Basis und eine stromlinienf\u00f6rmige gebogene Mundst\u00fcck, so dass Bequemlichkeit w\u00e4hrend jeder Verwendung. Konstruiert mit einer Pr\u00e4zisions-Matrix Perc, liefert dieses Rig ideale Diffusion, wodurch glatter, k\u00fchler Hits.<\/p>\n<p>Der Dab Oil Rigs ES2233 ist aus dickem Borosilikatglas gefertigt und bietet eine ph\u00e4nomenale Hitze- und Splitterbest\u00e4ndigkeit, was ihn zu einer zuverl\u00e4ssigen Wahl f\u00fcr t\u00e4gliche Sessions macht. Das klare Glas-Layout unterstreicht die saubere Konstruktion und erlaubt es Dir, das \u00e4sthetische Ergebnis des sprudelnden Wassers zu genie\u00dfen, w\u00e4hrend Du jeden Zug filterst.<\/p>\n<p>Warum den ES2233 Matrix Perc Bubbler w\u00e4hlen?<\/p>\n<p>Die herausragende Funktion dieses Dab Oil Rigs ist sein Matrix-Perc, der entwickelt wurde, um den Luftstrom und die Filterung optimal zu nutzen. Indem er den Rauch in kleinere Blasen aufteilt, verringert er die Gewalt und sorgt f\u00fcr einen sauberen, schmackhaften Zug. Egal, ob Du ein erfahrener Raucher bist oder gerade erst anf\u00e4ngst, der Bit Oil Rigs ES2233 macht jede Session zufriedenstellend und zuverl\u00e4ssig.<\/p>\n<p>Dieser Artikel ist ebenfalls extrem vielseitig und passt sowohl in pers\u00f6nliche Sammlungen als auch als Ausstellungsst\u00fcck f\u00fcr Liebhaber, die minimalistische, aber leistungsstarke Brillen sch\u00e4tzen. Seine 11-Zoll-H\u00f6he stellt das perfekte Gleichgewicht zwischen Mobilit\u00e4t und Sicherheit her, so dass es einfach zu handhaben ist, ohne die Leistungsf\u00e4higkeit zu gef\u00e4hrden.<\/p>\n<p>Mit seiner frei flie\u00dfenden Luftbewegung, dem robusten Glask\u00f6rper und dem durchdachten Design vereint dieser Sprudler alles, was Sie sich von einem zuverl\u00e4ssigen Produkt w\u00fcnschen.<\/p>\n<p>Der Bit Oil Rigs ES2233 Glass Matrix Perc Bubbler ist mehr als nur ein Raucherwerkzeug - er ist eine Kombination aus Kunst, wissenschaftlicher Forschung und Robustheit, entwickelt, um Ihnen jederzeit glattere, sauberere Treffer zu liefern.<\/p>","protected":false},"excerpt":{"rendered":"<p>Crafted from premium borosilicate glass, the Dab Oil Rigs ES2233 stands 11 inches tall with a durable matrix perc bubbler. Its clear cylindrical design ensures smooth diffusion, while the angled mouthpiece provides comfort. A modern, minimalist rig built for clean hits and reliable daily performance.<\/p>","protected":false},"featured_media":2750,"comment_status":"open","ping_status":"closed","template":"","meta":[],"product_brand":[],"product_cat":[41],"product_tag":[155,156,157],"class_list":{"0":"post-2746","1":"product","2":"type-product","3":"status-publish","4":"has-post-thumbnail","6":"product_cat-dab-oil-rigs","7":"product_tag-dab-oil-rigs","8":"product_tag-glass-bubbler","9":"product_tag-matrix-perc","11":"first","12":"instock","13":"shipping-taxable","14":"purchasable","15":"product-type-variable"},"_links":{"self":[{"href":"https:\/\/buyegglass.com\/de\/wp-json\/wp\/v2\/product\/2746","targetHints":{"allow":["GET"]}}],"collection":[{"href":"https:\/\/buyegglass.com\/de\/wp-json\/wp\/v2\/product"}],"about":[{"href":"https:\/\/buyegglass.com\/de\/wp-json\/wp\/v2\/types\/product"}],"replies":[{"embeddable":true,"href":"https:\/\/buyegglass.com\/de\/wp-json\/wp\/v2\/comments?post=2746"}],"wp:featuredmedia":[{"embeddable":true,"href":"https:\/\/buyegglass.com\/de\/wp-json\/wp\/v2\/media\/2750"}],"wp:attachment":[{"href":"https:\/\/buyegglass.com\/de\/wp-json\/wp\/v2\/media?parent=2746"}],"wp:term":[{"taxonomy":"product_brand","embeddable":true,"href":"https:\/\/buyegglass.com\/de\/wp-json\/wp\/v2\/product_brand?post=2746"},{"taxonomy":"product_cat","embeddable":true,"href":"https:\/\/buyegglass.com\/de\/wp-json\/wp\/v2\/product_cat?post=2746"},{"taxonomy":"product_tag","embeddable":true,"href":"https:\/\/buyegglass.com\/de\/wp-json\/wp\/v2\/product_tag?post=2746"}],"curies":[{"name":"wp","href":"https:\/\/api.w.org\/{rel}","templated":true}]}}