{"id":2734,"date":"2025-09-25T07:20:44","date_gmt":"2025-09-25T07:20:44","guid":{"rendered":"https:\/\/buyegglass.com\/?post_type=product&#038;p=2734"},"modified":"2025-10-10T09:40:10","modified_gmt":"2025-10-10T09:40:10","slug":"hand-pipe-bonsai-series-pot-hand-pipe-borosilicate-glass","status":"publish","type":"product","link":"https:\/\/buyegglass.com\/de\/product\/hand-pipe-bonsai-series-pot-hand-pipe-borosilicate-glass\/","title":{"rendered":"Handpfeife Bonsai Serie Topf Handpfeife Borosilikatglas"},"content":{"rendered":"<h2>Hand Pipeline Bonsai Sammlung Topf Hand Pipe Borosilikatglas<\/h2>\n<p>Die Hand Pipe Bonsai Collection Pot Hand Pipe Borosilicatglas verbindet phantasievolle Kreativit\u00e4t mit praktischer Gestaltung und bietet ein besonderes, von Bonsai-Pflanzen inspiriertes Produkt. Diese Handpfeifen sehen aus wie Mini-Topfpflanzen, mit lebendigen Glasdetails, die das nat\u00fcrliche Wachstum nachahmen. Jedes St\u00fcck zeichnet sich durch sorgf\u00e4ltig gearbeitete Bl\u00e4tter und dekorative Elemente aus und bringt einen Hauch von Natur in Ihr Raucherlebnis.<\/p>\n<p>Diese Handpipeline ist aus hochwertigem Borosilikatglas gefertigt und f\u00fcr eine lange Lebensdauer konzipiert. Borosilikatglas ist f\u00fcr seine Langlebigkeit und Hitzebest\u00e4ndigkeit bekannt und sorgt daf\u00fcr, dass das St\u00fcck dem allt\u00e4glichen Gebrauch standh\u00e4lt, ohne seine kreative Stabilit\u00e4t zu verlieren. Die glatte Oberfl\u00e4che macht die Reinigung und Pflege einfach und bietet Ihnen eine seri\u00f6se und pflegeleichte Option.<\/p>\n<p>Die Hand Pipe Bonsai Collection Pot Hand Pipe Borosilikatglas ist kompakt und mobil, was sie zu einer praktischen Wahl f\u00fcr unterwegs macht. Ihr ergonomisches Design bietet einen bequemen Griff, w\u00e4hrend der topfartige Boden Sicherheit garantiert. Das detaillierte Kopfteil verleiht der Handpfeife einen visuellen Stil und macht sie nicht nur zu einem praktischen Accessoire, sondern auch zu einem attraktiven Gegenstand, der mit Stolz pr\u00e4sentiert werden kann.<\/p>\n<p>Diese Handpipelines gibt es in einer Vielzahl von lebendigen Farben, darunter umweltfreundlich, rosa, orange und vieles mehr, so dass Sie ein Design w\u00e4hlen k\u00f6nnen, das Ihrem individuellen Stil entspricht. Das Bonsai-Motiv enth\u00e4lt eine symbolische Ebene der Kreativit\u00e4t und Entwicklung, so dass es nicht nur eine Zigarette rauchen Ger\u00e4t aber auch eine Neuheit.<\/p>\n<p>F\u00fcr Liebhaber, die sowohl Funktion als auch Stil sch\u00e4tzen, ist die Hand Pipe Bonsai Series Pot Hand Pipe Borosilikatglas eine hervorragende Wahl. Sie verbindet Kunst mit N\u00fctzlichkeit, bietet reibungslose Effizienz, Haltbarkeit und eine temperamentvolle \u00c4sthetik. Ob im t\u00e4glichen Gebrauch oder als Teil einer Serie von Kunstgl\u00e4sern, diese Handpfeife bietet eine einzigartige und angenehme Erfahrung.<\/p>","protected":false},"excerpt":{"rendered":"<p>Hand Pipe Bonsai Series Pot Hand Pipe Borosilicate Glass blends creative bonsai-inspired design with durable glass. Compact, portable, and heat resistant, it offers smooth draws and easy cleaning. Available in vibrant colors, this hand pipe is both a functional tool and a decorative collectible.<\/p>","protected":false},"featured_media":2739,"comment_status":"open","ping_status":"closed","template":"","meta":[],"product_brand":[],"product_cat":[43],"product_tag":[151,139,138],"class_list":{"0":"post-2734","1":"product","2":"type-product","3":"status-publish","4":"has-post-thumbnail","6":"product_cat-hand-pipe","7":"product_tag-bonsai-hand-pipe","8":"product_tag-borosilicate-pipe","9":"product_tag-glass-hand-pipe","11":"first","12":"instock","13":"shipping-taxable","14":"purchasable","15":"product-type-variable"},"_links":{"self":[{"href":"https:\/\/buyegglass.com\/de\/wp-json\/wp\/v2\/product\/2734","targetHints":{"allow":["GET"]}}],"collection":[{"href":"https:\/\/buyegglass.com\/de\/wp-json\/wp\/v2\/product"}],"about":[{"href":"https:\/\/buyegglass.com\/de\/wp-json\/wp\/v2\/types\/product"}],"replies":[{"embeddable":true,"href":"https:\/\/buyegglass.com\/de\/wp-json\/wp\/v2\/comments?post=2734"}],"wp:featuredmedia":[{"embeddable":true,"href":"https:\/\/buyegglass.com\/de\/wp-json\/wp\/v2\/media\/2739"}],"wp:attachment":[{"href":"https:\/\/buyegglass.com\/de\/wp-json\/wp\/v2\/media?parent=2734"}],"wp:term":[{"taxonomy":"product_brand","embeddable":true,"href":"https:\/\/buyegglass.com\/de\/wp-json\/wp\/v2\/product_brand?post=2734"},{"taxonomy":"product_cat","embeddable":true,"href":"https:\/\/buyegglass.com\/de\/wp-json\/wp\/v2\/product_cat?post=2734"},{"taxonomy":"product_tag","embeddable":true,"href":"https:\/\/buyegglass.com\/de\/wp-json\/wp\/v2\/product_tag?post=2734"}],"curies":[{"name":"wp","href":"https:\/\/api.w.org\/{rel}","templated":true}]}}