{"id":2721,"date":"2025-09-25T07:15:54","date_gmt":"2025-09-25T07:15:54","guid":{"rendered":"https:\/\/buyegglass.com\/?post_type=product&#038;p=2721"},"modified":"2025-10-10T09:26:22","modified_gmt":"2025-10-10T09:26:22","slug":"bong-bowls-slides-pure-mushroom-handle-glass-borosilicate","status":"publish","type":"product","link":"https:\/\/buyegglass.com\/de\/product\/bong-bowls-slides-pure-mushroom-handle-glass-borosilicate\/","title":{"rendered":"Bong Schalen &amp; Rutschen Pure Mushroom Griff Glas Borosilikat"},"content":{"rendered":"<h2>Bong Schalen &amp; Rutschen Pure Mushroom Griff Glas Borosilikat<\/h2>\n<p>Bong Bowls &amp; Slides Pure Mushroom Handle Glas Borosilikat sind eine kreative und trendige Erg\u00e4nzung zu jeder Art von Glas-Sammlung. Diese Schalen sind mit l\u00e4nglichen Pilz-inspirierten k\u00fcmmert sich mit attraktiven Glasblasen betont, so dass sie eine deutliche und phantasievolle Optik. Erh\u00e4ltlich in einer Auswahl von auff\u00e4lligen Farben wie rot, lila, blau, gelb und umweltfreundlich, f\u00fcgen sie eine lebendige Note zu Ihrem Bong-Konfiguration unter Beibehaltung der Praktikabilit\u00e4t.<\/p>\n<p>Diese aus kostbarem Borosilikatglas gefertigten Bongschalen und -schieber sind f\u00fcr eine lange Lebensdauer ausgelegt. Borosilikatglas ist f\u00fcr seine Robustheit und W\u00e4rmebest\u00e4ndigkeit bekannt, so dass dieses Zubeh\u00f6r f\u00fcr den t\u00e4glichen Gebrauch vertrauensw\u00fcrdig ist. Die glatte Oberfl\u00e4che und die robuste Konstruktion garantieren eine gleichbleibende Leistung, w\u00e4hrend das Pilz-Management-Layout sowohl Design als auch Leistung bietet.<\/p>\n<p>Der verl\u00e4ngerte Griff sorgt nicht nur f\u00fcr ein eigenwilliges, kreatives Erscheinungsbild, sondern vereinfacht auch die Handhabung und sch\u00fctzt Ihre Finger w\u00e4hrend der Benutzung vor Hitze. Die dekorativen Luftblasendetails entlang des Griffs verbessern den Halt und entwickeln eine einzigartige Textur, die jeden Artikel gleichzeitig optisch attraktiv und sinnvoll macht.<\/p>\n<p>Diese Bongschalen und -schieber sind so konzipiert, dass sie sehr leicht zu laden sind und die Luftbewegung reibungslos funktioniert. Die Gr\u00f6\u00dfe der Schale bietet ein wohlt\u00e4tiges Fassungsverm\u00f6gen, w\u00e4hrend die polierte Verbindung einen sicheren Sitz mit Deiner Bong garantiert. Ihre kreativen Layouts machen sie zu einer au\u00dfergew\u00f6hnlichen Neuheit, die mehr als nur n\u00fctzliche Ger\u00e4te sind - sie sind auch eine k\u00fcnstlerische Bereicherung f\u00fcr deine Sammlung.<\/p>\n<p>Reinigung und Pflege sind aufgrund der glatten Borosilikat-Oberfl\u00e4che einfach und sorgen f\u00fcr eine lang anhaltende Leistung. Egal, ob Sie ein Gelegenheitsraucher oder ein Sammler von verschiedenen Gl\u00e4sern sind, die Bong Bowls &amp; Slides Pure Mushroom Take Care Of Glass Borosilicate sind eine ausgezeichnete Wahl. Sie vereinen Robustheit, Leistungsf\u00e4higkeit und kreativen Stil in einem einzigen Ger\u00e4t, das sowohl das Design als auch die Erfahrung beim Rauchen von Zigaretten verbessert.<\/p>","protected":false},"excerpt":{"rendered":"<p>Bong Bowls &amp; Slides Pure Mushroom Handle Glass Borosilicate feature vibrant colors and unique bubble-decorated handles. Durable, heat resistant, and easy to use, these artistic bowls combine function with creative design, offering smooth airflow and a stylish upgrade to any bong setup.<\/p>","protected":false},"featured_media":2723,"comment_status":"open","ping_status":"closed","template":"","meta":[],"product_brand":[],"product_cat":[45],"product_tag":[132,133,148],"class_list":{"0":"post-2721","1":"product","2":"type-product","3":"status-publish","4":"has-post-thumbnail","6":"product_cat-bong-bowls-slides","7":"product_tag-bong-bowl","8":"product_tag-glass-slide","9":"product_tag-mushroom-handle","11":"first","12":"instock","13":"shipping-taxable","14":"purchasable","15":"product-type-variable"},"_links":{"self":[{"href":"https:\/\/buyegglass.com\/de\/wp-json\/wp\/v2\/product\/2721","targetHints":{"allow":["GET"]}}],"collection":[{"href":"https:\/\/buyegglass.com\/de\/wp-json\/wp\/v2\/product"}],"about":[{"href":"https:\/\/buyegglass.com\/de\/wp-json\/wp\/v2\/types\/product"}],"replies":[{"embeddable":true,"href":"https:\/\/buyegglass.com\/de\/wp-json\/wp\/v2\/comments?post=2721"}],"wp:featuredmedia":[{"embeddable":true,"href":"https:\/\/buyegglass.com\/de\/wp-json\/wp\/v2\/media\/2723"}],"wp:attachment":[{"href":"https:\/\/buyegglass.com\/de\/wp-json\/wp\/v2\/media?parent=2721"}],"wp:term":[{"taxonomy":"product_brand","embeddable":true,"href":"https:\/\/buyegglass.com\/de\/wp-json\/wp\/v2\/product_brand?post=2721"},{"taxonomy":"product_cat","embeddable":true,"href":"https:\/\/buyegglass.com\/de\/wp-json\/wp\/v2\/product_cat?post=2721"},{"taxonomy":"product_tag","embeddable":true,"href":"https:\/\/buyegglass.com\/de\/wp-json\/wp\/v2\/product_tag?post=2721"}],"curies":[{"name":"wp","href":"https:\/\/api.w.org\/{rel}","templated":true}]}}