{"id":2706,"date":"2025-09-25T07:10:21","date_gmt":"2025-09-25T07:10:21","guid":{"rendered":"https:\/\/buyegglass.com\/?post_type=product&#038;p=2706"},"modified":"2025-10-10T09:35:04","modified_gmt":"2025-10-10T09:35:04","slug":"es2229-7-inch-height-tiny-gorgeous-water-pipe-free-shipping","status":"publish","type":"product","link":"https:\/\/buyegglass.com\/de\/product\/es2229-7-inch-height-tiny-gorgeous-water-pipe-free-shipping\/","title":{"rendered":"ES2229 7 Zoll H\u00f6he winzige herrliche Wasserpfeife kostenloser Versand"},"content":{"rendered":"<h2>ES2229 7 Zoll H\u00f6he Tiny Gorgeous Pipes Kostenlose Lieferung<\/h2>\n<p>Die ES2229 7 Zoll H\u00f6he kleine sch\u00f6ne Pfeifen ist ein stilvolles, kleines und praktisches Element, das Komfort mit lebendiger Virtuosit\u00e4t verbindet. Mit auff\u00e4lligen Zickzack- und Wirbelmustern in leuchtenden Farben wie umweltfreundlich, orange, schwarz und rot setzt diese Pfeife ein mutiges Statement und bietet gleichzeitig eine hervorragende Leistung.<\/p>\n<p>Mit einer H\u00f6he von nur 7 Zoll ist diese kleine, h\u00fcbsche Pfeife perfekt f\u00fcr diejenigen, die eine tragbare und dennoch effiziente Option suchen. Die kleine Dimension macht es einfach zu tragen, zu speichern oder zu zeigen, ohne viel Platz zu verwenden. Trotz ihrer geringen H\u00f6he ist die Pfeife so konstruiert, dass sie glatte Schl\u00e4ge liefert, und ihr stabiler Sockel sorgt f\u00fcr Sicherheit w\u00e4hrend des Gebrauchs.<\/p>\n<p>Hergestellt aus hochwertigem Borosilikatglas, bietet die ES2229 Wasserpfeife W\u00e4rmebest\u00e4ndigkeit und Langlebigkeit. Das ergonomische, geneigte Mundst\u00fcck sorgt f\u00fcr Bequemlichkeit, w\u00e4hrend die gro\u00dfe Kammer einen konstanten Luftstrom f\u00fcr sanftere Z\u00fcge bietet. Der klare Glasteller in Verbindung mit dem k\u00fcnstlerischen K\u00f6rper hebt sowohl die Funktion als auch das Design hervor und macht sie zu einem gro\u00dfartigen Gegenstand f\u00fcr den t\u00e4glichen Gebrauch oder als Teil einer Sammlung.<\/p>\n<p>Die ES2229 7 Zoll H\u00f6he kleine sch\u00f6ne Rohre ist zus\u00e4tzlich einfach zu reinigen und zu pflegen, viele dank seiner Glas Geb\u00e4ude und Konstruktion und abnehmbare Teile. Ob Sie ein Anf\u00e4nger oder ein erfahrener Benutzer sind, seine einfache Konfiguration und n\u00fctzliches Design machen es eine zuverl\u00e4ssige Option.<\/p>\n<p>Die kostenlose Lieferung macht dieses Produkt noch auff\u00e4lliger, da es sowohl hohe Qualit\u00e4t als auch Wertigkeit ohne \u00fcberraschende Kosten bietet. Sein einzigartiger Stil, seine lebendigen Farben und seine tragbare Gr\u00f6\u00dfe garantieren, dass es als n\u00fctzliches Ger\u00e4t und als dekoratives Element der Glaskunst die Aufmerksamkeit auf sich zieht.<\/p>\n<p>W\u00e4hlen Sie die ES2229 7 Zoll H\u00f6he winzige wundersch\u00f6ne Wasserpfeife, wenn Sie versuchen, eine tragbare, kreative und seri\u00f6se Rauchen Zigaretten Ger\u00e4t, das Z\u00e4higkeit, Einfachheit der Nutzung und Design integriert zu finden.<\/p>","protected":false},"excerpt":{"rendered":"<p>ES2229 7 inch height tiny gorgeous water pipe free shipping features bold swirl patterns with green accents. Made from durable borosilicate glass, it offers smooth hits, portability, and easy cleaning. Compact yet stylish, this water pipe blends performance with artistic design for everyday use.<\/p>","protected":false},"featured_media":2716,"comment_status":"open","ping_status":"closed","template":"","meta":[],"product_brand":[],"product_cat":[15],"product_tag":[119,147,110],"class_list":{"0":"post-2706","1":"product","2":"type-product","3":"status-publish","4":"has-post-thumbnail","6":"product_cat-uncategorized","7":"product_tag-glass-bong","8":"product_tag-mini-pipe","9":"product_tag-water-pipe","11":"first","12":"instock","13":"shipping-taxable","14":"purchasable","15":"product-type-variable"},"_links":{"self":[{"href":"https:\/\/buyegglass.com\/de\/wp-json\/wp\/v2\/product\/2706","targetHints":{"allow":["GET"]}}],"collection":[{"href":"https:\/\/buyegglass.com\/de\/wp-json\/wp\/v2\/product"}],"about":[{"href":"https:\/\/buyegglass.com\/de\/wp-json\/wp\/v2\/types\/product"}],"replies":[{"embeddable":true,"href":"https:\/\/buyegglass.com\/de\/wp-json\/wp\/v2\/comments?post=2706"}],"wp:featuredmedia":[{"embeddable":true,"href":"https:\/\/buyegglass.com\/de\/wp-json\/wp\/v2\/media\/2716"}],"wp:attachment":[{"href":"https:\/\/buyegglass.com\/de\/wp-json\/wp\/v2\/media?parent=2706"}],"wp:term":[{"taxonomy":"product_brand","embeddable":true,"href":"https:\/\/buyegglass.com\/de\/wp-json\/wp\/v2\/product_brand?post=2706"},{"taxonomy":"product_cat","embeddable":true,"href":"https:\/\/buyegglass.com\/de\/wp-json\/wp\/v2\/product_cat?post=2706"},{"taxonomy":"product_tag","embeddable":true,"href":"https:\/\/buyegglass.com\/de\/wp-json\/wp\/v2\/product_tag?post=2706"}],"curies":[{"name":"wp","href":"https:\/\/api.w.org\/{rel}","templated":true}]}}