{"id":2679,"date":"2025-09-25T06:25:46","date_gmt":"2025-09-25T06:25:46","guid":{"rendered":"https:\/\/buyegglass.com\/?post_type=product&#038;p=2679"},"modified":"2025-10-10T09:36:53","modified_gmt":"2025-10-10T09:36:53","slug":"hand-pipe-solid-mushroom-hand-pipe-borosilicate-glass-bsh03","status":"publish","type":"product","link":"https:\/\/buyegglass.com\/de\/product\/hand-pipe-solid-mushroom-hand-pipe-borosilicate-glass-bsh03\/","title":{"rendered":"Handpfeife Massiv Pilz Handpfeife Borosilikatglas BSH03"},"content":{"rendered":"<h2>Handrohrleitung Strong Mushroom Handrohrleitung Borosilikatglas BSH03<\/h2>\n<p>Handpipeline Solid Mushroom Handpipeline Borosilikatglas BSH03 bringt eine lustige und fantasievolle Note in Ihre Zigarettensammlung. Diese Handpipelines, die wie lebendige Pilze aussehen, vereinen lebendige \u00c4sthetik mit der Langlebigkeit von Borosilikatglas. Jedes St\u00fcck enth\u00e4lt einzigartige Muster, wie z. B. auff\u00e4llige Polka-Dots und vertikale rote Streifen, die in auff\u00e4lligen Farbkombinationen wie umweltfreundlich, blau, schwarz und wei\u00df angeboten werden.<\/p>\n<p>Diese Handpipeline aus hochwertigem Borosilikatglas garantiert sowohl W\u00e4rmebest\u00e4ndigkeit als auch Langlebigkeit. Ihre robuste Bauweise macht sie zu einem zuverl\u00e4ssigen Begleiter bei Routinesitzungen, w\u00e4hrend ihre geringe Gr\u00f6\u00dfe f\u00fcr Tragbarkeit und Komfort sorgt. Die von einem Pilz inspirierte Form ist nicht nur sch\u00f6n, sondern liegt auch ergonomisch gut in der Hand, so dass sie w\u00e4hrend des Gebrauchs angenehm zu halten ist.<\/p>\n<p>Die Hand Pipeline Solid Mushroom Hand Pipe Borosilikatglas BSH03 ist f\u00fcr reibungslose Funktionalit\u00e4t gemacht. Die gut gestaltete Schale erm\u00f6glicht eine gleichm\u00e4\u00dfige Belastung, w\u00e4hrend das Luftstromsystem eine konstante Anziehungskraft und ein befriedigendes Raucherlebnis garantiert. Dank des leicht zu reinigenden Rahmens ist die Pflege dieser Handpipeline einfach und garantiert jedes Mal eine neue Session.<\/p>\n<p>Diese Pipeline ist mehr als nur ein Ger\u00e4t, sie ist auch ein attraktives Ger\u00e4t. Ihr lebhaftes Design macht sie zu einem herausragenden Element in jeder Art von Brillensammlung und zieht sowohl informelle Personen als auch Enthusiasten an. Egal, ob sie auf einem Regal pr\u00e4sentiert oder regelm\u00e4\u00dfig benutzt wird, sie bringt Pers\u00f6nlichkeit und Fantasie in Ihren Zigarettenkonsum.<\/p>\n<p>Hand Pipeline Strong Mushroom Hand Pipeline Borosilikatglas BSH03 ist perfekt f\u00fcr alle, die besondere Designs sch\u00e4tzen, ohne dabei auf Qualit\u00e4t zu verzichten. Kompakt, langlebig und elegant ist sie eine fantastische Wahl f\u00fcr den Gebrauch zu Hause oder auf Reisen. Diese Pfeife in Pilzform vereint Kunst und Nutzen und ist eine hervorragende Erg\u00e4nzung f\u00fcr jede Art von Zigarettenraucher.<\/p>","protected":false},"excerpt":{"rendered":"<p>Hand Pipe Solid Mushroom Hand Pipe Borosilicate Glass BSH03 combines playful mushroom-inspired design with durable borosilicate glass. Compact, portable, and heat resistant, it offers smooth draws, easy cleaning, and a stylish look with fun color options, making it both functional and collectible.<\/p>","protected":false},"featured_media":2682,"comment_status":"open","ping_status":"closed","template":"","meta":[],"product_brand":[],"product_cat":[43],"product_tag":[139,138,137],"class_list":{"0":"post-2679","1":"product","2":"type-product","3":"status-publish","4":"has-post-thumbnail","6":"product_cat-hand-pipe","7":"product_tag-borosilicate-pipe","8":"product_tag-glass-hand-pipe","9":"product_tag-mushroom-hand-pipe","11":"first","12":"instock","13":"shipping-taxable","14":"purchasable","15":"product-type-variable"},"_links":{"self":[{"href":"https:\/\/buyegglass.com\/de\/wp-json\/wp\/v2\/product\/2679","targetHints":{"allow":["GET"]}}],"collection":[{"href":"https:\/\/buyegglass.com\/de\/wp-json\/wp\/v2\/product"}],"about":[{"href":"https:\/\/buyegglass.com\/de\/wp-json\/wp\/v2\/types\/product"}],"replies":[{"embeddable":true,"href":"https:\/\/buyegglass.com\/de\/wp-json\/wp\/v2\/comments?post=2679"}],"wp:featuredmedia":[{"embeddable":true,"href":"https:\/\/buyegglass.com\/de\/wp-json\/wp\/v2\/media\/2682"}],"wp:attachment":[{"href":"https:\/\/buyegglass.com\/de\/wp-json\/wp\/v2\/media?parent=2679"}],"wp:term":[{"taxonomy":"product_brand","embeddable":true,"href":"https:\/\/buyegglass.com\/de\/wp-json\/wp\/v2\/product_brand?post=2679"},{"taxonomy":"product_cat","embeddable":true,"href":"https:\/\/buyegglass.com\/de\/wp-json\/wp\/v2\/product_cat?post=2679"},{"taxonomy":"product_tag","embeddable":true,"href":"https:\/\/buyegglass.com\/de\/wp-json\/wp\/v2\/product_tag?post=2679"}],"curies":[{"name":"wp","href":"https:\/\/api.w.org\/{rel}","templated":true}]}}