{"id":2663,"date":"2025-09-25T06:11:07","date_gmt":"2025-09-25T06:11:07","guid":{"rendered":"https:\/\/buyegglass.com\/?post_type=product&#038;p=2663"},"modified":"2025-10-10T09:35:37","modified_gmt":"2025-10-10T09:35:37","slug":"dab-oil-rigs-glass-es2228-6inch-transparent-mind-blowing-rig","status":"publish","type":"product","link":"https:\/\/buyegglass.com\/de\/product\/dab-oil-rigs-glass-es2228-6inch-transparent-mind-blowing-rig\/","title":{"rendered":"Dab \u00d6l Rigs Glas ES2228 6Zoll Transparent Mind-Blowing Rig"},"content":{"rendered":"<h2>Dab \u00d6l Rigs Glas ES2228 6Zoll Transparent Terrific Rig<\/h2>\n<p>Dab Oil Rigs Glass ES2228 6Inch Transparent Wonderful Gear ist ein kreativer und n\u00fctzlicher Artikel, der jede Session aufwertet. Dieses aus hochwertigem Borosilikatglas gefertigte Rig ist widerstandsf\u00e4hig und hat ein dynamisches und faszinierendes Design. Der K\u00f6rper ist mit starken Wirbelmustern in auff\u00e4lligen Farbt\u00f6nen wie Lila und Gelb versehen, die ein visuelles Erlebnis schaffen, das der Leistung entspricht, die es bietet.<\/p>\n<p>Mit einer H\u00f6he von 6 Zoll ist dieses Rig tragbar und dennoch effektiv. Sein ergonomisch abgewinkeltes Mundst\u00fcck macht es sehr einfach zu handhaben, w\u00e4hrend die breite Basis Gleichgewicht und Stabilit\u00e4t garantiert. Das transparente Glaslayout erm\u00f6glicht es den Kunden, die Dampfaktivit\u00e4t im Inneren zu sehen, was die Nutzung noch aufregender macht. Mit Bit Oil Rigs erhalten Sie eine hervorragende Mischung aus Design, Transportf\u00e4higkeit und Funktionalit\u00e4t.<\/p>\n<p>Die Dab Oil Rigs Glass ES2228 6Inch Transparent Terrific Rig ist geschaffen, um glatte, schmackhafte Hits zu liefern, wann immer. Sein dickes Borosilikatglas Geb\u00e4ude und Konstruktion sorgt f\u00fcr W\u00e4rmebest\u00e4ndigkeit und Langlebigkeit, so dass es f\u00fcr dauerhafte Nutzung vertraut. Die gro\u00dfe Kammer sorgt f\u00fcr eine au\u00dfergew\u00f6hnliche Luftbewegung, die sowohl den Geschmack als auch die Dampfproduktion verbessert.<\/p>\n<p>Egal, ob Sie ein Anf\u00e4nger oder ein erfahrener Kunde sind, diese Ausr\u00fcstung bietet ein angenehmes Erlebnis mit einfacher Wartung. Die abnehmbaren Komponenten erm\u00f6glichen eine einfache Reinigung, damit Ihre Sessions frisch und angenehm bleiben. Die fantasievollen Swirl-Akzente machen es nicht nur zu einem Rig, sondern auch zu einem herausragenden Element in jeder Art von Sammlung.<\/p>\n<p>Das Dab Oil Rigs Glass ES2228 6Inch Transparent Fantastic Gear ist perfekt f\u00fcr unterwegs oder zu Hause geeignet und bietet ein Gleichgewicht zwischen Transportf\u00e4higkeit und Leistung. Budgetfreundlich, elegant und effektiv, ist es ein Muss f\u00fcr jeden, der sein Setup mit einem kleinen, aber fesselnden St\u00fcck aktualisieren m\u00f6chte.<\/p>","protected":false},"excerpt":{"rendered":"<p>Dab Oil Rigs Glass ES2228 6Inch Transparent Mind-Blowing Rig features bold swirl designs, durable borosilicate glass, and compact size for smooth, flavorful hits. Perfect for travel, stylish and easy to use, this rig balances performance and portability for both beginners and experienced users.<\/p>","protected":false},"featured_media":2665,"comment_status":"open","ping_status":"closed","template":"","meta":[],"product_brand":[],"product_cat":[41],"product_tag":[130,128,129],"class_list":{"0":"post-2663","1":"product","2":"type-product","3":"status-publish","4":"has-post-thumbnail","6":"product_cat-dab-oil-rigs","7":"product_tag-6-inch-rig","8":"product_tag-dab-oil-rig","9":"product_tag-glass-rig","11":"first","12":"instock","13":"shipping-taxable","14":"purchasable","15":"product-type-variable"},"_links":{"self":[{"href":"https:\/\/buyegglass.com\/de\/wp-json\/wp\/v2\/product\/2663","targetHints":{"allow":["GET"]}}],"collection":[{"href":"https:\/\/buyegglass.com\/de\/wp-json\/wp\/v2\/product"}],"about":[{"href":"https:\/\/buyegglass.com\/de\/wp-json\/wp\/v2\/types\/product"}],"replies":[{"embeddable":true,"href":"https:\/\/buyegglass.com\/de\/wp-json\/wp\/v2\/comments?post=2663"}],"wp:featuredmedia":[{"embeddable":true,"href":"https:\/\/buyegglass.com\/de\/wp-json\/wp\/v2\/media\/2665"}],"wp:attachment":[{"href":"https:\/\/buyegglass.com\/de\/wp-json\/wp\/v2\/media?parent=2663"}],"wp:term":[{"taxonomy":"product_brand","embeddable":true,"href":"https:\/\/buyegglass.com\/de\/wp-json\/wp\/v2\/product_brand?post=2663"},{"taxonomy":"product_cat","embeddable":true,"href":"https:\/\/buyegglass.com\/de\/wp-json\/wp\/v2\/product_cat?post=2663"},{"taxonomy":"product_tag","embeddable":true,"href":"https:\/\/buyegglass.com\/de\/wp-json\/wp\/v2\/product_tag?post=2663"}],"curies":[{"name":"wp","href":"https:\/\/api.w.org\/{rel}","templated":true}]}}