{"id":2604,"date":"2025-09-25T03:11:00","date_gmt":"2025-09-25T03:11:00","guid":{"rendered":"https:\/\/buyegglass.com\/?post_type=product&#038;p=2604"},"modified":"2025-10-10T09:25:39","modified_gmt":"2025-10-10T09:25:39","slug":"bong-bowls-slides-paul-frank-bowl-borosilicate-glass-buy","status":"publish","type":"product","link":"https:\/\/buyegglass.com\/de\/product\/bong-bowls-slides-paul-frank-bowl-borosilicate-glass-buy\/","title":{"rendered":"Bongschalen &amp; Rutschen Paul Frank Schale Borosilikatglas Kaufen"},"content":{"rendered":"<h2 data-start=\"233\" data-end=\"290\">Bongschalen &amp; Rutschen Paul Frank Schale Borosilikatglas<\/h2>\n<p data-start=\"292\" data-end=\"585\">Die <strong data-start=\"296\" data-end=\"315\">Paul-Frank-Schale<\/strong> ist ein verspieltes und stilvolles Accessoire aus hochwertigem Borosilikatglas, das Ihrer Einrichtung Pers\u00f6nlichkeit verleiht. Mit seinen kr\u00e4ftigen Farben, dem ausdrucksstarken Gesichtsdesign und den detaillierten Glasarbeiten ist dieses St\u00fcck sowohl ein funktionales Werkzeug als auch ein Kunstwerk mit Sammlerwert.<\/p>\n<p data-start=\"587\" data-end=\"963\">Aus hitzebest\u00e4ndigem Borosilikatglas gefertigt, bietet es Haltbarkeit und Best\u00e4ndigkeit f\u00fcr den t\u00e4glichen Gebrauch. Die starke Glasstruktur sorgt daf\u00fcr, dass sie regelm\u00e4\u00dfigem Erhitzen und Abk\u00fchlen standh\u00e4lt, ohne zu zerspringen, w\u00e4hrend die glatte Innenseite ein gleichm\u00e4\u00dfiges Brennen f\u00f6rdert. Das farbenfrohe, skulpturale Design verleiht dieser Schale einen einzigartigen Charakter und macht sie zu mehr als nur einem Accessoire - sie ist ein Statement.<\/p>\n<p data-start=\"965\" data-end=\"1325\">Als Teil der <strong data-start=\"980\" data-end=\"1003\">Bong-Schalen &amp; Rutschen<\/strong> Kategorie passt er nahtlos in Standard-Wasserpfeifen und -Rigs, so dass die Benutzer die Flexibilit\u00e4t haben, die Bowls auszutauschen, ohne die Kompatibilit\u00e4t zu verlieren. Die passgenaue Verbindung sorgt f\u00fcr einen sicheren Sitz, verhindert Lecks im Luftstrom und unterst\u00fctzt einen gleichm\u00e4\u00dfigen Zug. Die Schale ist leicht zu handhaben, einfach zu reinigen und f\u00fcr den wiederholten Gebrauch konzipiert.<\/p>\n<p data-start=\"1327\" data-end=\"1649\">Diese Paul Frank Schale ist in einer Vielzahl von Farben erh\u00e4ltlich, so dass der Benutzer sie seiner Pers\u00f6nlichkeit oder seiner Sammlung anpassen kann. Jedes St\u00fcck ist handgefertigt, so dass keine zwei Schalen exakt gleich sind. Sowohl Sammler als auch Gelegenheitsnutzer werden die kreativen Details und die zuverl\u00e4ssige Leistung von Borosilikatglas zu sch\u00e4tzen wissen.<\/p>\n<p data-start=\"1651\" data-end=\"2005\">Ganz gleich, ob Sie Ihre Einrichtung aufr\u00fcsten, eine alte Schale ersetzen oder Ihre Sammlung erweitern m\u00f6chten, dieses Produkt bietet eine perfekte Mischung aus Haltbarkeit und Kunstfertigkeit. <strong data-start=\"1813\" data-end=\"1836\">Bong-Schalen &amp; Rutschen<\/strong> wie diese sind ideal f\u00fcr diejenigen, die zuverl\u00e4ssige Funktion mit einem unverwechselbaren Design verbinden wollen. Die Paul Frank Bowl bietet beides in einem kompakten, farbenfrohen und langlebigen Paket.<\/p>","protected":false},"excerpt":{"rendered":"<p>The Paul Frank Bowl made from borosilicate glass is a fun and durable addition to bong bowls &amp; slides. With bold colors and sculpted details, it offers a secure fit, smooth use, and artistic style, making it a standout accessory for everyday sessions or collection displays.<\/p>","protected":false},"featured_media":2607,"comment_status":"open","ping_status":"closed","template":"","meta":[],"product_brand":[],"product_cat":[45],"product_tag":[159,176,160],"class_list":{"0":"post-2604","1":"product","2":"type-product","3":"status-publish","4":"has-post-thumbnail","6":"product_cat-bong-bowls-slides","7":"product_tag-bong-bowls","8":"product_tag-borosilicate-bowl","9":"product_tag-glass-slides","11":"first","12":"instock","13":"shipping-taxable","14":"purchasable","15":"product-type-variable"},"_links":{"self":[{"href":"https:\/\/buyegglass.com\/de\/wp-json\/wp\/v2\/product\/2604","targetHints":{"allow":["GET"]}}],"collection":[{"href":"https:\/\/buyegglass.com\/de\/wp-json\/wp\/v2\/product"}],"about":[{"href":"https:\/\/buyegglass.com\/de\/wp-json\/wp\/v2\/types\/product"}],"replies":[{"embeddable":true,"href":"https:\/\/buyegglass.com\/de\/wp-json\/wp\/v2\/comments?post=2604"}],"wp:featuredmedia":[{"embeddable":true,"href":"https:\/\/buyegglass.com\/de\/wp-json\/wp\/v2\/media\/2607"}],"wp:attachment":[{"href":"https:\/\/buyegglass.com\/de\/wp-json\/wp\/v2\/media?parent=2604"}],"wp:term":[{"taxonomy":"product_brand","embeddable":true,"href":"https:\/\/buyegglass.com\/de\/wp-json\/wp\/v2\/product_brand?post=2604"},{"taxonomy":"product_cat","embeddable":true,"href":"https:\/\/buyegglass.com\/de\/wp-json\/wp\/v2\/product_cat?post=2604"},{"taxonomy":"product_tag","embeddable":true,"href":"https:\/\/buyegglass.com\/de\/wp-json\/wp\/v2\/product_tag?post=2604"}],"curies":[{"name":"wp","href":"https:\/\/api.w.org\/{rel}","templated":true}]}}