{"id":2565,"date":"2025-09-25T02:54:28","date_gmt":"2025-09-25T02:54:28","guid":{"rendered":"https:\/\/buyegglass.com\/?post_type=product&#038;p=2565"},"modified":"2025-10-10T09:34:32","modified_gmt":"2025-10-10T09:34:32","slug":"es2227-colorful-wig-wag-patterns-water-pipe-is-6-inch-height","status":"publish","type":"product","link":"https:\/\/buyegglass.com\/de\/product\/es2227-colorful-wig-wag-patterns-water-pipe-is-6-inch-height\/","title":{"rendered":"ES2227 bunte Per\u00fccke wag Muster Wasserleitung ist 6 Zoll H\u00f6he"},"content":{"rendered":"<h2 data-start=\"219\" data-end=\"274\">ES2227 Bunte Per\u00fccke Wag Patterns Wasserpfeife - 6 Zoll<\/h2>\n<p data-start=\"276\" data-end=\"605\">Die farbenfrohe Wasserpfeife ES2227 mit Per\u00fcckenmuster ist ein kompaktes und dennoch auff\u00e4lliges St\u00fcck f\u00fcr alle, die sowohl Stil als auch Funktion zu sch\u00e4tzen wissen. Mit einer H\u00f6he von 6 Zoll kombiniert diese Glaswasserpfeife lebhafte Farbwirbel mit einer glatten Silhouette, was sie zu einem auff\u00e4lligen Accessoire f\u00fcr pers\u00f6nliche Sammlungen oder Verkaufsregale macht.<\/p>\n<p data-start=\"607\" data-end=\"1093\">Die aus haltbarem Glas gefertigte Pfeife weist komplizierte Per\u00fcckenmuster auf, die das Licht einfangen und ihre k\u00fcnstlerischen Details hervorheben. Jeder Teil des Designs wird sorgf\u00e4ltig geblasen, so dass keine zwei St\u00fccke identisch sind. Trotz ihrer kompakten Gr\u00f6\u00dfe bietet diese Wasserpfeife eine effiziente Filterung, die es dem Nutzer erm\u00f6glicht, ein angenehmes Raucherlebnis zu genie\u00dfen, ohne dabei auf Portabilit\u00e4t verzichten zu m\u00fcssen. Die stabile Basis und das bequeme Mundst\u00fcck machen die Handhabung einfach, w\u00e4hrend der mittelgro\u00dfe Kopf ideal f\u00fcr regelm\u00e4\u00dfige Sessions ist.<\/p>\n<p data-start=\"1095\" data-end=\"1464\">Die Wasserpfeife ES2227 ist perfekt f\u00fcr Anf\u00e4nger, die eine \u00fcberschaubare Gr\u00f6\u00dfe w\u00fcnschen, und f\u00fcr erfahrene Benutzer, die einzigartige Glasarbeiten sch\u00e4tzen. Mit ihrer H\u00f6he von 6 Zoll ist sie diskret genug f\u00fcr die Reise und funktional genug f\u00fcr den t\u00e4glichen Gebrauch. Dank ihrer einfachen Struktur ist die Reinigung einfach, was sie neben ihrem k\u00fcnstlerischen Reiz zu einer praktischen Wahl macht.<\/p>\n<p data-start=\"1466\" data-end=\"1863\">Ob als Teil einer farbenfrohen Kollektion ausgestellt oder im t\u00e4glichen Gebrauch, diese Wasserpfeife bietet eine Mischung aus Leistung und Design. Einzelh\u00e4ndler k\u00f6nnen sich darauf verlassen, dass sie mit ihrer Optik die Aufmerksamkeit auf sich zieht, w\u00e4hrend Endverbraucher den sanften Zug und die Langlebigkeit sch\u00e4tzen werden. Wenn Sie auf der Suche nach einem kompakten Glasobjekt sind, das gleichzeitig als funktionales Kunstwerk dient, ist die Wasserpfeife ES2227 mit bunten Per\u00fcckenmustern die perfekte Wahl.<\/p>","protected":false},"excerpt":{"rendered":"<article class=\"text-token-text-primary w-full focus:outline-none scroll-mt-[calc(var(--header-height)+min(200px,max(70px,20svh)))]\" dir=\"auto\" tabindex=\"-1\" data-turn-id=\"request-WEB:7bb4b1bc-ed07-470d-829f-61362b1c5ffc-1\" data-testid=\"conversation-turn-4\" data-scroll-anchor=\"true\" data-turn=\"assistant\">\n<div class=\"text-base my-auto mx-auto pb-10 [--thread-content-margin:--spacing(4)] thread-sm:[--thread-content-margin:--spacing(6)] thread-lg:[--thread-content-margin:--spacing(16)] px-(--thread-content-margin)\">\n<div class=\"[--thread-content-max-width:40rem] thread-lg:[--thread-content-max-width:48rem] mx-auto max-w-(--thread-content-max-width) flex-1 group\/turn-messages focus-visible:outline-hidden relative flex w-full min-w-0 flex-col agent-turn\" tabindex=\"-1\">\n<div class=\"flex max-w-full flex-col grow\">\n<div class=\"min-h-8 text-message relative flex w-full flex-col items-end gap-2 text-start break-words whitespace-normal [.text-message+&amp;]:mt-5\" dir=\"auto\" data-message-author-role=\"assistant\" data-message-id=\"562b6566-93ab-4e92-80f5-6a3fa5bf4ed3\" data-message-model-slug=\"gpt-5-instant\">\n<div class=\"flex w-full flex-col gap-1 empty:hidden first:pt-[3px]\">\n<div class=\"markdown prose dark:prose-invert w-full break-words light markdown-new-styling\">\n<p data-start=\"0\" data-end=\"252\" data-is-last-node=\"\" data-is-only-node=\"\">The ES2227 colorful wig wag patterns water pipe stands 6 inches tall, crafted from durable glass with vibrant swirls. Compact, portable, and smooth to use, this water pipe offers reliable performance and artistic style for everyday sessions or display.<\/p>\n<\/div>\n<\/div>\n<\/div>\n<\/div>\n<div class=\"z-0 flex min-h-[46px] justify-start\"><\/div>\n<div class=\"mt-3 w-full empty:hidden\">\n<div class=\"text-center\"><\/div>\n<\/div>\n<\/div>\n<\/div>\n<\/article>\n<div class=\"pointer-events-none h-px w-px\" aria-hidden=\"true\" data-edge=\"true\"><\/div>\n","protected":false},"featured_media":2600,"comment_status":"open","ping_status":"closed","template":"","meta":[],"product_brand":[],"product_cat":[45],"product_tag":[111,112,110],"class_list":{"0":"post-2565","1":"product","2":"type-product","3":"status-publish","4":"has-post-thumbnail","6":"product_cat-bong-bowls-slides","7":"product_tag-glass-pipe","8":"product_tag-smoking-accessory","9":"product_tag-water-pipe","11":"first","12":"instock","13":"shipping-taxable","14":"purchasable","15":"product-type-variable"},"_links":{"self":[{"href":"https:\/\/buyegglass.com\/de\/wp-json\/wp\/v2\/product\/2565","targetHints":{"allow":["GET"]}}],"collection":[{"href":"https:\/\/buyegglass.com\/de\/wp-json\/wp\/v2\/product"}],"about":[{"href":"https:\/\/buyegglass.com\/de\/wp-json\/wp\/v2\/types\/product"}],"replies":[{"embeddable":true,"href":"https:\/\/buyegglass.com\/de\/wp-json\/wp\/v2\/comments?post=2565"}],"wp:featuredmedia":[{"embeddable":true,"href":"https:\/\/buyegglass.com\/de\/wp-json\/wp\/v2\/media\/2600"}],"wp:attachment":[{"href":"https:\/\/buyegglass.com\/de\/wp-json\/wp\/v2\/media?parent=2565"}],"wp:term":[{"taxonomy":"product_brand","embeddable":true,"href":"https:\/\/buyegglass.com\/de\/wp-json\/wp\/v2\/product_brand?post=2565"},{"taxonomy":"product_cat","embeddable":true,"href":"https:\/\/buyegglass.com\/de\/wp-json\/wp\/v2\/product_cat?post=2565"},{"taxonomy":"product_tag","embeddable":true,"href":"https:\/\/buyegglass.com\/de\/wp-json\/wp\/v2\/product_tag?post=2565"}],"curies":[{"name":"wp","href":"https:\/\/api.w.org\/{rel}","templated":true}]}}