{"id":1794,"date":"2025-09-16T09:07:18","date_gmt":"2025-09-16T09:07:18","guid":{"rendered":"https:\/\/buyegglass.com\/?post_type=product&#038;p=1794"},"modified":"2025-10-10T08:26:39","modified_gmt":"2025-10-10T08:26:39","slug":"dab-oil-rigs-horned-heirloom-recycler-glass-water-pipe-sale","status":"publish","type":"product","link":"https:\/\/buyegglass.com\/de\/product\/dab-oil-rigs-horned-heirloom-recycler-glass-water-pipe-sale\/","title":{"rendered":"Dab Oil Rigs Horned Heirloom Recycler Glas Wasserpfeife Verkauf"},"content":{"rendered":"<h2>Dab Oil Rigs Horned Heirloom Recycler Glas Wasserpfeife Verkauf<\/h2>\n<p>Bereite Dich darauf vor, Dein Konzentrat-Erlebnis mit der pr\u00e4chtigen und aufwendig entwickelten Horned Treasure Recycler Glaswasserpfeife zu steigern. Dieses au\u00dfergew\u00f6hnliche St\u00fcck ist nicht einfach ein Ger\u00e4t f\u00fcr Dab-Rigs; es ist ein Kunstwerk, das au\u00dfergew\u00f6hnliche Effizienz bietet. F\u00fcr den kritischen Liebhaber hergestellt, kombiniert dieses Ger\u00e4t auff\u00e4llige \u00e4sthetische Reize mit fortschrittlicher Reinigungsinnovation, um die besten, schmackhaftesten Hits zu liefern. Der ausgepr\u00e4gte, geh\u00f6rnte Stil ist nicht nur visuell faszinierend, sondern bietet auch einen ergonomischen Griff, der Ihre Sessions komfortabel und stilvoll macht. Angeboten in einer Reihe von fesselnden Farben, von tiefen Blaut\u00f6nen und tollen rauchigen Schwarzt\u00f6nen bis hin zu lebhaften Rosat\u00f6nen, gibt es einen Horned Antique Recycler, der zu jeder Individualit\u00e4t und Kollektion passt.<\/p>\n<p>Das Herzst\u00fcck dieses Meisterwerks ist seine \u00e4u\u00dferst effiziente Recyclerfunktion. Dieses innovative System ist so konzipiert, dass es kontinuierlich Wasser zirkulieren l\u00e4sst und so f\u00fcr eine optimale K\u00fchlung und Reinigung des Dampfes sorgt. Wenn Sie inhalieren, wird der Dampf mit mehreren Kammern gezogen, ein Prozess, der die H\u00e4rte erheblich verringert und die empfindlichen Terpenkonten Ihrer Konzentrate sch\u00fctzt. Das Ergebnis ist ein extrem weicher und gro\u00dfartiger Zug, der vor Geschmack nur so strotzt. Diese fortschrittliche Filtration verringert auch das Zur\u00fcckspritzen und sorgt so jedes Mal f\u00fcr ein sauberes und angenehmes Zugerlebnis.<\/p>\n<p>Jeder Horned Antique Recycler wird sorgf\u00e4ltig aus hochwertigem Borosilikatglas gefertigt, das f\u00fcr seine Z\u00e4higkeit und Hitzebest\u00e4ndigkeit bekannt ist. Dadurch wird sichergestellt, dass Ihr Ger\u00e4t den Strapazen des t\u00e4glichen Gebrauchs standh\u00e4lt und gleichzeitig sein makelloses Aussehen bewahrt. Die komplizierten Informationen, von den elegant geschwungenen H\u00f6rnern bis hin zu den lebendigen, leuchtenden Akzenten, zeugen von der hohen Kunstfertigkeit, mit der jedes St\u00fcck hergestellt wird. Egal, ob Sie ein erfahrener Dab Oil Rigs oder brandneue in die Welt der Konzentrate, die Horned Antique Recycler Glaspfeifen bietet eine hervorragende Mischung aus Form und Funktion, garantiert eine \u00fcberlegene Dab Oil Rigs Erfahrung, die so \u00e4sthetisch spektakul\u00e4r ist, wie es angenehm ist.<\/p>","protected":false},"excerpt":{"rendered":"<p>Elevate your dabbing experience with these Horned Heirloom Recycler Dab Rigs. Featuring intricate glass horn details and a smooth recycling function, these unique glass water pipes offer both stunning aesthetics and premium filtration. Available in various eye-catching colors. On sale now<\/p>","protected":false},"featured_media":1795,"comment_status":"open","ping_status":"closed","template":"","meta":[],"product_brand":[],"product_cat":[41],"product_tag":[377,155,189],"class_list":{"0":"post-1794","1":"product","2":"type-product","3":"status-publish","4":"has-post-thumbnail","6":"product_cat-dab-oil-rigs","7":"product_tag-dab-oil","8":"product_tag-dab-oil-rigs","9":"product_tag-dab-rigs","11":"first","12":"instock","13":"shipping-taxable","14":"purchasable","15":"product-type-variable"},"_links":{"self":[{"href":"https:\/\/buyegglass.com\/de\/wp-json\/wp\/v2\/product\/1794","targetHints":{"allow":["GET"]}}],"collection":[{"href":"https:\/\/buyegglass.com\/de\/wp-json\/wp\/v2\/product"}],"about":[{"href":"https:\/\/buyegglass.com\/de\/wp-json\/wp\/v2\/types\/product"}],"replies":[{"embeddable":true,"href":"https:\/\/buyegglass.com\/de\/wp-json\/wp\/v2\/comments?post=1794"}],"wp:featuredmedia":[{"embeddable":true,"href":"https:\/\/buyegglass.com\/de\/wp-json\/wp\/v2\/media\/1795"}],"wp:attachment":[{"href":"https:\/\/buyegglass.com\/de\/wp-json\/wp\/v2\/media?parent=1794"}],"wp:term":[{"taxonomy":"product_brand","embeddable":true,"href":"https:\/\/buyegglass.com\/de\/wp-json\/wp\/v2\/product_brand?post=1794"},{"taxonomy":"product_cat","embeddable":true,"href":"https:\/\/buyegglass.com\/de\/wp-json\/wp\/v2\/product_cat?post=1794"},{"taxonomy":"product_tag","embeddable":true,"href":"https:\/\/buyegglass.com\/de\/wp-json\/wp\/v2\/product_tag?post=1794"}],"curies":[{"name":"wp","href":"https:\/\/api.w.org\/{rel}","templated":true}]}}