{"id":1773,"date":"2025-09-16T08:55:18","date_gmt":"2025-09-16T08:55:18","guid":{"rendered":"https:\/\/buyegglass.com\/?post_type=product&#038;p=1773"},"modified":"2025-10-08T13:26:02","modified_gmt":"2025-10-08T13:26:02","slug":"bong-bowls-slides-borosilicate-egb46-surfing-handle-glass","status":"publish","type":"product","link":"https:\/\/buyegglass.com\/de\/product\/bong-bowls-slides-borosilicate-egb46-surfing-handle-glass\/","title":{"rendered":"Bong Schalen &amp; Rutschen Borosilikat EGB46 Surfen Griff Glas"},"content":{"rendered":"<h2>Bong Schalen &amp; Rutschen Borosilikat EGB46 Surfen Griff Glas<\/h2>\n<p>Erlebe die Welle bemerkenswerter Zigarettenrauchsessions mit dem EGB46 Surfing Deal mit Glasbongschalen &amp; Slides. Sorgf\u00e4ltig aus hochwertigem Borosilikatglas gefertigt, sind diese Schalen f\u00fcr Robustheit und Hitzebest\u00e4ndigkeit entwickelt, eine robuste und \u00fcberlegene Erg\u00e4nzung zu Ihrer Sammlung zu gew\u00e4hrleisten. Jedes St\u00fcck ist ein besonderes Meisterwerk und verwandelt ein praktisches Ger\u00e4t in ein pers\u00f6nliches Statement, das Ihren individuellen Stil widerspiegelt.<\/p>\n<p>Die herausragende Funktion dieser Schalen ist der zart geformte Surfgriff. Dieses kreative und eigenwillige Design ist nicht nur \u00e4sthetisch aufregend, sondern auch sehr n\u00fctzlich, denn es bietet einen gesch\u00fctzten und bequemen Griff f\u00fcr eine sehr einfache Beseitigung. Erh\u00e4ltlich in einem lebendigen Spektrum von Farben und Mustern, von planetarischen Wirbeln bis hin zu leuchtenden, einfarbigen Farben, erz\u00e4hlt jede Schale ihre ganz eigene Geschichte. Die k\u00fcnstlerische Handwerkskunst zeigt sich in jeder Information, von den fl\u00fcssigen Linien der brechenden Welle bis hin zu der fesselnden Browsing-Nummer, die jedes St\u00fcck verziert.<\/p>\n<p>Die EGB46-Schalen wurden sowohl f\u00fcr \u00e4sthetischen Charme als auch f\u00fcr optimale Leistung entwickelt und sorgen f\u00fcr ein reibungsloses und k\u00f6stliches Erlebnis. Die sorgf\u00e4ltig entwickelte Schalenform erm\u00f6glicht einen gleichm\u00e4\u00dfigen Luftstrom, der den Geschmack Ihrer geernteten Kr\u00e4uter verbessert. Passend zu einer Vielzahl von Bongs Bowls &amp; Slides, sind diese Slides ein vielseitiges Upgrade, das sowohl Pers\u00f6nlichkeit als auch \u00fcberlegene Funktion in Ihr Setup bringt. Egal, ob Sie eine gew\u00f6hnliche Schale ersetzen oder Ihre Sammlung mit einem St\u00fcck n\u00fctzlicher Glaskunst aufwerten wollen, die Browsing Take Care Of Glass Dish ist die beste Wahl f\u00fcr anspruchsvolle Raucher, die kreatives Denken und hohe Qualit\u00e4t sch\u00e4tzen.<\/p>","protected":false},"excerpt":{"rendered":"<p>Catch a wave with this borosilicate glass bong bowls &amp; slides . Featuring a creative surfing handle, this slide is both functional and a work of art. The colorful details and sturdy construction make it a standout accessory for any water pipe.<\/p>","protected":false},"featured_media":1776,"comment_status":"open","ping_status":"closed","template":"","meta":[],"product_brand":[],"product_cat":[45],"product_tag":[159,375,376],"class_list":{"0":"post-1773","1":"product","2":"type-product","3":"status-publish","4":"has-post-thumbnail","6":"product_cat-bong-bowls-slides","7":"product_tag-bong-bowls","8":"product_tag-bong-bowls-slides","9":"product_tag-glass-bong-bowls","11":"first","12":"instock","13":"shipping-taxable","14":"purchasable","15":"product-type-variable"},"_links":{"self":[{"href":"https:\/\/buyegglass.com\/de\/wp-json\/wp\/v2\/product\/1773","targetHints":{"allow":["GET"]}}],"collection":[{"href":"https:\/\/buyegglass.com\/de\/wp-json\/wp\/v2\/product"}],"about":[{"href":"https:\/\/buyegglass.com\/de\/wp-json\/wp\/v2\/types\/product"}],"replies":[{"embeddable":true,"href":"https:\/\/buyegglass.com\/de\/wp-json\/wp\/v2\/comments?post=1773"}],"wp:featuredmedia":[{"embeddable":true,"href":"https:\/\/buyegglass.com\/de\/wp-json\/wp\/v2\/media\/1776"}],"wp:attachment":[{"href":"https:\/\/buyegglass.com\/de\/wp-json\/wp\/v2\/media?parent=1773"}],"wp:term":[{"taxonomy":"product_brand","embeddable":true,"href":"https:\/\/buyegglass.com\/de\/wp-json\/wp\/v2\/product_brand?post=1773"},{"taxonomy":"product_cat","embeddable":true,"href":"https:\/\/buyegglass.com\/de\/wp-json\/wp\/v2\/product_cat?post=1773"},{"taxonomy":"product_tag","embeddable":true,"href":"https:\/\/buyegglass.com\/de\/wp-json\/wp\/v2\/product_tag?post=1773"}],"curies":[{"name":"wp","href":"https:\/\/api.w.org\/{rel}","templated":true}]}}