{"id":1761,"date":"2025-09-16T08:41:48","date_gmt":"2025-09-16T08:41:48","guid":{"rendered":"https:\/\/buyegglass.com\/?post_type=product&#038;p=1761"},"modified":"2025-10-10T09:49:16","modified_gmt":"2025-10-10T09:49:16","slug":"ash-catcher-bongs-ega10-bright-horn-borosilicate-glass","status":"publish","type":"product","link":"https:\/\/buyegglass.com\/de\/product\/ash-catcher-bongs-ega10-bright-horn-borosilicate-glass\/","title":{"rendered":"Aschef\u00e4nger Bongs EGA10 Bright Horn Borosilikatglas"},"content":{"rendered":"<h2 id=\"elevate-your-smoking-experience-with-the-ega10-bright-horn-ash-catcher-by-eg-glass\">Aschef\u00e4nger Bongs EGA10 Bright Horn Borosilikatglas<\/h2>\n<p>Wir pr\u00e4sentieren den EGA10 Bright Horn Ash Catcher, ein lebendiges und unverzichtbares Accessoire, mit dem Sie Ihre Zigaretten-Sessions neu erfinden k\u00f6nnen. Dieser attraktive Artikel von EG Glass verbindet lebendige \u00c4sthetik mit hoher Leistung und garantiert, dass Ihre Bong sauber bleibt, w\u00e4hrend sie extrem weiche Z\u00fcge liefert. Es ist das perfekte Upgrade f\u00fcr jeden Liebhaber, der seiner Pfeife einen Farbtupfer und eine zus\u00e4tzliche Filterschicht hinzuf\u00fcgen m\u00f6chte.<\/p>\n<p>Der EGA10 wird aus hochwertigem, hitzebest\u00e4ndigem Borosilikatglas hergestellt und ist auf Robustheit und Effizienz ausgelegt. Dieses Produkt ist f\u00fcr seine F\u00e4higkeit bekannt, thermischen Belastungen und \u00c4ngsten standzuhalten, was sicherstellt, dass der Aschef\u00e4nger dem t\u00e4glichen Gebrauch standh\u00e4lt und gleichzeitig den reinen Geschmack Ihrer Materialien bewahrt. Seine solide Konstruktion ist sofort ersichtlich, dennoch bleibt er mit nur 93 Gramm beeindruckend leicht, was eine \u00fcberm\u00e4\u00dfige Belastung des Gelenks deiner Bong verhindert.<\/p>\n<p>Das herausragende Merkmal der EGA10 ist ihr einzigartiges Design, das durch lebendige, lebhafte H\u00f6rner definiert wird, die sich elegant von der Seite bewegen. Erh\u00e4ltlich in einer Vielzahl brillanter Farbkombinationen, ist dieser Aschenbecher ein Statement, das individuellen Ausdruck erm\u00f6glicht. Neben seiner auff\u00e4lligen Erscheinung ist der EGA10 auch f\u00fcr optimale Funktion ausgelegt. Er verf\u00fcgt \u00fcber ein 90-Grad-Gelenk und ist somit mit einer Vielzahl von Bongs kompatibel, die einen vertikalen Stiel haben.<\/p>\n<p>Im Kern dient ein Aschef\u00e4nger dazu, Asche und R\u00fcckst\u00e4nde aufzufangen, bevor sie in die Hauptkammer der Bong gelangen k\u00f6nnen, wodurch der Bedarf an regelm\u00e4\u00dfiger und l\u00e4stiger Reinigung drastisch gesenkt wird. Die EGA10 zeichnet sich durch diese prim\u00e4re Funktion aus, verbessert aber auch die Qualit\u00e4t jedes Inhalierens. Durch das Hinzuf\u00fcgen einer zus\u00e4tzlichen Wasserkammer gibt es eine zus\u00e4tzliche Stufe der Perkolation, die den Rauch k\u00fchlt und filtert, um ein weicheres, weniger raues Erlebnis zu erm\u00f6glichen. Dies f\u00fchrt zu sauberen Hits, die sanfter auf Ihre Kehle und Lunge sind. Stehend auf einem kompakten 4,33 Zoll, enth\u00e4lt es leistungsstarke Filtration ohne unangenehme Masse, um Ihre Konfiguration.<\/p>","protected":false},"excerpt":{"rendered":"<p>Elevate your bong with the EGA10 Bright Horn Ash Catcher by EG Glass. Made from durable borosilicate glass, this vibrant accessory features a unique double-horn handle design. It effectively traps ash and debris, ensuring cleaner, smoother hits while adding a splash of color to your setup.<\/p>","protected":false},"featured_media":1767,"comment_status":"open","ping_status":"closed","template":"","meta":[],"product_brand":[],"product_cat":[44],"product_tag":[103,373,374],"class_list":{"0":"post-1761","1":"product","2":"type-product","3":"status-publish","4":"has-post-thumbnail","6":"product_cat-ash-catcher","7":"product_tag-ash-catcher","8":"product_tag-ash-catcher-bongs","9":"product_tag-glass-ash-catcher","11":"first","12":"instock","13":"shipping-taxable","14":"purchasable","15":"product-type-variable"},"_links":{"self":[{"href":"https:\/\/buyegglass.com\/de\/wp-json\/wp\/v2\/product\/1761","targetHints":{"allow":["GET"]}}],"collection":[{"href":"https:\/\/buyegglass.com\/de\/wp-json\/wp\/v2\/product"}],"about":[{"href":"https:\/\/buyegglass.com\/de\/wp-json\/wp\/v2\/types\/product"}],"replies":[{"embeddable":true,"href":"https:\/\/buyegglass.com\/de\/wp-json\/wp\/v2\/comments?post=1761"}],"wp:featuredmedia":[{"embeddable":true,"href":"https:\/\/buyegglass.com\/de\/wp-json\/wp\/v2\/media\/1767"}],"wp:attachment":[{"href":"https:\/\/buyegglass.com\/de\/wp-json\/wp\/v2\/media?parent=1761"}],"wp:term":[{"taxonomy":"product_brand","embeddable":true,"href":"https:\/\/buyegglass.com\/de\/wp-json\/wp\/v2\/product_brand?post=1761"},{"taxonomy":"product_cat","embeddable":true,"href":"https:\/\/buyegglass.com\/de\/wp-json\/wp\/v2\/product_cat?post=1761"},{"taxonomy":"product_tag","embeddable":true,"href":"https:\/\/buyegglass.com\/de\/wp-json\/wp\/v2\/product_tag?post=1761"}],"curies":[{"name":"wp","href":"https:\/\/api.w.org\/{rel}","templated":true}]}}