{"id":3,"date":"2025-05-28T11:35:58","date_gmt":"2025-05-28T11:35:58","guid":{"rendered":"https:\/\/buyegglass.com\/?page_id=3"},"modified":"2025-10-09T08:24:28","modified_gmt":"2025-10-09T08:24:28","slug":"privacy-policy","status":"publish","type":"page","link":"https:\/\/buyegglass.com\/de\/privacy-policy\/","title":{"rendered":"Datenschutzbestimmungen"},"content":{"rendered":"<p>Das Team von Buyegglass verpflichtet sich, Ihre Privatsph\u00e4re zu respektieren und die Sicherheit Ihrer pers\u00f6nlichen Daten zu gew\u00e4hrleisten. Als Online-Gesch\u00e4ft sind wir bestrebt, Ihr Online-Einkaufserlebnis sowohl sicher als auch angenehm zu gestalten.  Wenn Sie uns besuchen <a href=\"https:\/\/buyegglass.com\/de\/\">buyegglass.com<\/a> Wenn Sie in unserem Katalog bl\u00e4ttern, erfassen wir automatisch Informationen, die ausschlie\u00dflich f\u00fcr die Nutzung der Website bestimmt sind. Diese Informationen werden zur \u00dcberwachung unserer Website und zur kontinuierlichen Verbesserung unseres Online-Shops verwendet, um Ihnen ein schnelleres und reibungsloseres Einkaufserlebnis zu bieten.  Da wir bestimmte Informationen sammeln, halten wir es f\u00fcr notwendig, Ihnen mitzuteilen und zu erkl\u00e4ren, was gesammelt wird und wie es verwendet wird.<\/p>\n\n\n\n<h4 class=\"wp-block-heading\"><strong><strong>F\u00fcr Online-K\u00e4ufe gesammelte Informationen<\/strong><\/strong><\/h4>\n\n\n\n<ul class=\"wp-block-list\">\n<li>Vor-\/Nachname<\/li>\n\n\n\n<li>Rechnungs-\/Versandadresse<\/li>\n\n\n\n<li>E-Mail Adresse<\/li>\n\n\n\n<li>Kreditkartennummer (Wir sehen nur die letzten 4 Ziffern)<\/li>\n<\/ul>\n\n\n\n<p>Alle Ihre pers\u00f6nlichen Daten sind durch hochwertige Sicherheitseinstellungen gesch\u00fctzt, einschlie\u00dflich der Warenkorb-Informationen und aller Kreditkarten- oder Adressdaten. Diese Informationen werden durch hochwertige Sicherheitseinstellungen \u00fcbertragen, die Secure Socket Link (SSL)-Verbindung f\u00fcr einen sicheren Checkout-Prozess umfassen.<\/p>\n\n\n\n<p class=\"has-palette-color-3-color has-text-color has-link-color wp-elements-feaef86bf0831ca7accbc0e298cd9d73\"><strong>Diese Informationen werden nur verwendet, um Ihre Bestellung auszuf\u00fchren, Ihre Zahlung zu bearbeiten, den Versand zu verwalten und andere Aktivit\u00e4ten im Zusammenhang mit der Ausf\u00fchrung Ihrer Transaktion durchzuf\u00fchren.<\/strong><\/p>\n\n\n\n<h4 class=\"wp-block-heading\"><strong><strong>E-Mail-Informationen<\/strong><\/strong><\/h4>\n\n\n\n<p>Die E-Mail-Adresse, die Sie bei der Anmeldung zu unserem kostenlosen elektrischen Newsletter oder bei Eink\u00e4ufen angeben, kann verwendet werden, um Ihnen Informationen und Aktualisierungen in Bezug auf Ihre Bestellung oder Anfrage zuzusenden, sowie um gelegentlich Unternehmensnachrichten, Aktualisierungen, Werbeaktionen, Informationen zu verwandten Produkten oder Dienstleistungen usw. zu erhalten.<\/p>\n\n\n\n<p><strong>Wir werden NIEMALS Informationen (E-Mail, pers\u00f6nliche Daten, CC, etc.) \u00fcber einen einzelnen Benutzer an Dritte verkaufen oder tauschen.  Ihre Privatsph\u00e4re ist Ihr gutes Recht und wir respektieren das.<\/strong><\/p>\n\n\n\n<h4 class=\"wp-block-heading\"><strong>Ihre IP-Adresse und Cookies<\/strong><\/h4>\n\n\n\n<p>IP-Adressen werden von Ihrem Computer jedes Mal verwendet, wenn Sie mit dem Internet verbunden sind. Ihre IP-Adresse ist eine Nummer, die von Computern im Netz verwendet wird, um Ihren Computer zu identifizieren. IP-Adressen werden von unseren Webservern automatisch erfasst, um betr\u00fcgerische Aktivit\u00e4ten und Transaktionen zu verhindern und Ihre Privatsph\u00e4re zu sch\u00fctzen.<br>Um Ihre Erfahrung mit unserer Website zu verbessern, verwenden viele unserer Webseiten \"Cookies\" von Erst- und Drittanbietern. Cookies sind Textdateien, die wir im Browser Ihres Computers ablegen, um Ihre Einstellungen zu speichern und bestimmte Funktionen auf unserer Website zu erleichtern. Um zum Beispiel ein Produkt auf unserer Website zu kaufen, f\u00fcgen Sie Artikel zu Ihrer Einkaufstabelle hinzu und gehen dann zur Kasse. Wir verwenden Cookies, damit unsere Website Sie erkennt und den Status Ihrer Bestellung verfolgt, w\u00e4hrend Sie durch den Bestellvorgang navigieren, und um den Inhalt Ihres Warenkorbs verf\u00fcgbar zu halten, falls Sie nach dem Verlassen der Sitzung zum Kauf zur\u00fcckkehren. Wir verwenden Cookies auch, um die Nutzung der Website zu verstehen und um den Inhalt und das Angebot auf unserer Website zu verbessern. <a href=\"https:\/\/buyegglass.com\/de\/\">Buyegglass.com<\/a>. Wenn Besucher zu uns kommen <a href=\"https:\/\/buyegglass.com\/de\/\">Buyegglass.com<\/a>Dritte (wie z. B. AdRoll) k\u00f6nnen f\u00fcr gezielte Werbezwecke Cookies in ihren Browsern platzieren.<\/p>\n\n\n\n<h4 class=\"wp-block-heading\"><strong>Wie sch\u00fctzen wir Sie und Ihre Daten?<\/strong><\/h4>\n\n\n\n<p>Die Daten des Warenkorbs, einschlie\u00dflich aller Kreditkarten- und Adressdaten, werden \u00fcber ein sicheres Medium \u00fcbertragen, das als Secure Sockets Layer oder SSL bekannt ist. Diese Sicherheitsschicht bietet eine bis zu 256-Bit-Verschl\u00fcsselung f\u00fcr die sicherste Art der \u00dcbertragung von Informationen im Internet. Wir \u00fcbermitteln keine finanziellen Informationen per E-Mail. Wenn Sie unser Webformular verwenden, werden Ihre finanziellen Informationen verschl\u00fcsselt, so dass nicht einmal unsere Mitarbeiter Zugang zu Ihrer Kredit-\/Debit-\/Auflade-\/E-Scheck-Kontonummer haben. Bestellinformationen werden in einem passwortgesch\u00fctzten Bereich gespeichert, auf den nur autorisiertes Personal Zugriff hat. Bitte<a href=\"https:\/\/buyegglass.com\/de\/contact\/\" data-type=\"page\" data-id=\"547\">&nbsp;Kontaktieren Sie uns<\/a>&nbsp;wenn Sie irgendwelche Fragen oder Bedenken haben.<\/p>","protected":false},"excerpt":{"rendered":"<p>The team at Buyegglass is&nbsp;committed to respecting your privacy and the security of your personal information. As an online business, we strive to make your online shopping experience both safe and enjoyable.&nbsp;&nbsp;When you visit buyegglass.com we automatically collect information for website use only as you browse through our catalog. This information is used to monitor [&hellip;]<\/p>\n","protected":false},"author":1,"featured_media":0,"parent":0,"menu_order":0,"comment_status":"closed","ping_status":"open","template":"","meta":{"footnotes":""},"class_list":["post-3","page","type-page","status-publish","hentry"],"blocksy_meta":[],"_links":{"self":[{"href":"https:\/\/buyegglass.com\/de\/wp-json\/wp\/v2\/pages\/3","targetHints":{"allow":["GET"]}}],"collection":[{"href":"https:\/\/buyegglass.com\/de\/wp-json\/wp\/v2\/pages"}],"about":[{"href":"https:\/\/buyegglass.com\/de\/wp-json\/wp\/v2\/types\/page"}],"author":[{"embeddable":true,"href":"https:\/\/buyegglass.com\/de\/wp-json\/wp\/v2\/users\/1"}],"replies":[{"embeddable":true,"href":"https:\/\/buyegglass.com\/de\/wp-json\/wp\/v2\/comments?post=3"}],"version-history":[{"count":0,"href":"https:\/\/buyegglass.com\/de\/wp-json\/wp\/v2\/pages\/3\/revisions"}],"wp:attachment":[{"href":"https:\/\/buyegglass.com\/de\/wp-json\/wp\/v2\/media?parent=3"}],"curies":[{"name":"wp","href":"https:\/\/api.w.org\/{rel}","templated":true}]}}