{"id":2206,"date":"2025-09-19T01:31:22","date_gmt":"2025-09-19T01:31:22","guid":{"rendered":"https:\/\/buyegglass.com\/?page_id=2206"},"modified":"2025-10-09T08:34:02","modified_gmt":"2025-10-09T08:34:02","slug":"shipping-protection","status":"publish","type":"page","link":"https:\/\/buyegglass.com\/de\/shipping-protection\/","title":{"rendered":"Versandschutz"},"content":{"rendered":"<p><strong>Dankbarer Schutz<\/strong>\u00a0gibt Ihnen Sicherheit und spart Ihnen Zeit und Geld.<\/p>\n\n\n\n<h4 class=\"wp-block-heading\">Versandschutz<\/h4>\n\n\n\n<p>Versicherungsschutz f\u00fcr den Fall, dass Ihr Paket beim Transport besch\u00e4digt oder gestohlen wird oder nicht ankommt.<\/p>\n\n\n\n<h4 class=\"wp-block-heading\">Sofortige Probleml\u00f6sung<\/h4>\n\n\n\n<p>Sie erhalten eine R\u00fcckerstattung oder einen Ersatz nach Best\u00e4tigung der Ausgabe durch unseren Kundendienst.<\/p>\n\n\n\n<h4 class=\"wp-block-heading\">24\/7 Unterst\u00fctzung im Schadensfall<\/h4>\n\n\n\n<p>Dank Protection ist f\u00fcr Sie da, wann immer ein Problem auftritt - mit einer durchschnittlichen Reaktionszeit von unter 24 Stunden (au\u00dfer an Wochenenden).<\/p>\n\n\n\n<h4 class=\"wp-block-heading\">Keine Drittparteien<\/h4>\n\n\n\n<p>Unsere Versicherung wird intern angeboten. Keine Drittparteien und keine Weitergabe. Wenden Sie sich an unseren Kundendienst, um schnell und einfach Versicherungsschutz zu erhalten.<\/p>\n\n\n\n<h4 class=\"wp-block-heading\">Einzelheiten<\/h4>\n\n\n\n<p>Der Versandschutz von Dank Protection deckt Online-Eink\u00e4ufe ab, die w\u00e4hrend des Transports verloren gehen, besch\u00e4digt oder gestohlen werden, und zwar unmittelbar nach dem Zustellungsnachweis durch den Spediteur.<\/p>\n\n\n\n<ul class=\"wp-block-list\">\n<li>Sollte sich Ihre Bestellung um mehr als 10 Tage verz\u00f6gern, senden wir Ihnen eine Ersatzlieferung, eine R\u00fcckerstattung oder eine Gutschrift (eine der oben genannten M\u00f6glichkeiten).<\/li>\n\n\n\n<li>Wenn Ihre Bestellung verloren geht, gestohlen wird oder besch\u00e4digt ankommt, schicken wir Ihnen einen Ersatz, erstatten Ihnen den Kaufpreis oder geben Ihnen eine Gutschrift.<\/li>\n\n\n\n<li>L\u00f6sung in weniger als 24 Stunden in den meisten F\u00e4llen, au\u00dfer an Wochenenden.<\/li>\n\n\n\n<li>Wenn sich Ihre Bestellung verz\u00f6gert, sollten Sie zehn Tage warten, bevor Sie eine Beschwerde einreichen. Bei USPS-Sendungen kommt es h\u00e4ufig zu Versp\u00e4tungen. Danke, Bundesregierung \ud83d\ude15<\/li>\n\n\n\n<li>Wenn Ihre Bestellung besch\u00e4digt ankommt, machen Sie bitte Fotos vom Paket und den besch\u00e4digten Artikeln und kontaktieren Sie dann unseren Kundendienst.\u00a0<\/li>\n\n\n\n<li>Um einen Anspruch anzumelden, senden Sie uns bitte eine E-Mail an\u00a0<strong><a href=\"https:\/\/buyegglass.com\/de\/contact\/\" data-type=\"page\" data-id=\"547\">Kontaktieren Sie uns<\/a><\/strong>\u00a0oder nutzen Sie unsere Chat-Funktion.<\/li>\n<\/ul>","protected":false},"excerpt":{"rendered":"<p>Dank Protection\u00a0gives you peace of mind while saving you time and money. Shipping Protection Coverage in case your package is damaged in transit, stolen, or doesn&#8217;t arrive. Instant Issue Resolution Get a refund or replacement after issue confirmation by our customer service team. 24\/7 Claim Support Dank Protection is here for you whenever an issue [&hellip;]<\/p>\n","protected":false},"author":1,"featured_media":0,"parent":0,"menu_order":0,"comment_status":"closed","ping_status":"closed","template":"","meta":{"footnotes":""},"class_list":["post-2206","page","type-page","status-publish","hentry"],"blocksy_meta":{"has_hero_section":"default","vertical_spacing_source":"custom","content_area_spacing":"both","styles_descriptor":{"styles":{"desktop":"","tablet":"","mobile":""},"google_fonts":[],"version":6}},"_links":{"self":[{"href":"https:\/\/buyegglass.com\/de\/wp-json\/wp\/v2\/pages\/2206","targetHints":{"allow":["GET"]}}],"collection":[{"href":"https:\/\/buyegglass.com\/de\/wp-json\/wp\/v2\/pages"}],"about":[{"href":"https:\/\/buyegglass.com\/de\/wp-json\/wp\/v2\/types\/page"}],"author":[{"embeddable":true,"href":"https:\/\/buyegglass.com\/de\/wp-json\/wp\/v2\/users\/1"}],"replies":[{"embeddable":true,"href":"https:\/\/buyegglass.com\/de\/wp-json\/wp\/v2\/comments?post=2206"}],"version-history":[{"count":0,"href":"https:\/\/buyegglass.com\/de\/wp-json\/wp\/v2\/pages\/2206\/revisions"}],"wp:attachment":[{"href":"https:\/\/buyegglass.com\/de\/wp-json\/wp\/v2\/media?parent=2206"}],"curies":[{"name":"wp","href":"https:\/\/api.w.org\/{rel}","templated":true}]}}