{"id":2202,"date":"2025-09-19T01:30:32","date_gmt":"2025-09-19T01:30:32","guid":{"rendered":"https:\/\/buyegglass.com\/?page_id=2202"},"modified":"2025-10-09T08:30:48","modified_gmt":"2025-10-09T08:30:48","slug":"shipping-policy","status":"publish","type":"page","link":"https:\/\/buyegglass.com\/de\/shipping-policy\/","title":{"rendered":"Versandpolitik"},"content":{"rendered":"<h4 class=\"wp-block-heading\">Fenster f\u00fcr Versand und Bearbeitung<\/h4>\n\n\n\n<ul class=\"wp-block-list\">\n<li>Alle Bestellungen werden in der Regel 3-5 Werktage nach Eingang der Bestellung ausgeliefert.\u00a0<em>verarbeitet<\/em>\u00a0und\u00a0<em>versandt<\/em>.<\/li>\n\n\n\n<li>Die Bearbeitung dauert in der Regel zwischen 1-3 Werktagen, je nach bestelltem Produkt.<\/li>\n\n\n\n<li>Sie erhalten Ihre Bestellung in der Regel 5-10 Tage nach Aufgabe der Bestellung.\u00a0<\/li>\n\n\n\n<li>Wenn Ihre Bestellung l\u00e4nger dauert als erwartet, wenden Sie sich bitte an unseren Kundendienst<\/li>\n\n\n\n<li><em>Wir freuen uns, die Dinge wieder in Ordnung zu bringen, indem wir Ihnen entweder die Versandkosten erstatten, Ihre Bestellung stornieren oder Ihnen einen Rabatt auf eine zuk\u00fcnftige Bestellung gew\u00e4hren.<\/em><\/li>\n<\/ul>\n\n\n\n<p>Sobald Ihre Bestellung verpackt und das Versandetikett gedruckt ist, erhalten Sie von uns eine E-Mail mit Ihrer Tracking-Nummer. Bitte beachten Sie, dass es bis zu 24 Stunden dauern kann, bis die Tracking-Nummer aktiviert wird.<\/p>\n\n\n\n<h4 class=\"wp-block-heading\">Diskrete Verpackung<\/h4>\n\n\n\n<p>Alle Bestellungen werden in unauff\u00e4lligen, schlichten Kartons verpackt und verschickt. Es gibt keine erkennbaren Markierungen\/Logos\/Worte, um den Inhalt Ihres Pakets zu identifizieren.<\/p>\n\n\n\n<h4 class=\"wp-block-heading\">Besch\u00e4digte(r) Gegenstand(e):<\/h4>\n\n\n\n<p>Buyegglass verpackt jedes Paket mit gro\u00dfer Sorgfalt, um sicherzustellen, dass Ihre Glasprodukte so ankommen, wie sie unsere Einrichtung verlassen haben - unversehrt! Dennoch sind Unf\u00e4lle manchmal unvermeidbar. In dem h\u00f6chst unwahrscheinlichen Fall, dass Ihr(e) Artikel besch\u00e4digt ankommen, machen Sie bitte mehrere Fotos des besch\u00e4digten Artikels, des Kartons und des Verpackungsmaterials und senden Sie diese an <a href=\"https:\/\/buyegglass.com\/de\/contact\/\" data-type=\"page\" data-id=\"547\">Kontaktieren Sie uns<\/a>. Unser Kundendienstteam wird sich hervorragend um Sie k\u00fcmmern.<\/p>","protected":false},"excerpt":{"rendered":"<p>Shipping and Processing Window Once your order has been packed and the shipping label printed, you will receive an email from us with your tracking number. Please note that it can take up to 24 hours for the tracking number to activate. Discreet Packaging All orders are packed and shipped in discreet plain boxes. There [&hellip;]<\/p>\n","protected":false},"author":1,"featured_media":0,"parent":0,"menu_order":0,"comment_status":"closed","ping_status":"closed","template":"","meta":{"footnotes":""},"class_list":["post-2202","page","type-page","status-publish","hentry"],"blocksy_meta":{"has_hero_section":"default","styles_descriptor":{"styles":{"desktop":"","tablet":"","mobile":""},"google_fonts":[],"version":6},"vertical_spacing_source":"inherit","content_area_spacing":"both"},"_links":{"self":[{"href":"https:\/\/buyegglass.com\/de\/wp-json\/wp\/v2\/pages\/2202","targetHints":{"allow":["GET"]}}],"collection":[{"href":"https:\/\/buyegglass.com\/de\/wp-json\/wp\/v2\/pages"}],"about":[{"href":"https:\/\/buyegglass.com\/de\/wp-json\/wp\/v2\/types\/page"}],"author":[{"embeddable":true,"href":"https:\/\/buyegglass.com\/de\/wp-json\/wp\/v2\/users\/1"}],"replies":[{"embeddable":true,"href":"https:\/\/buyegglass.com\/de\/wp-json\/wp\/v2\/comments?post=2202"}],"version-history":[{"count":0,"href":"https:\/\/buyegglass.com\/de\/wp-json\/wp\/v2\/pages\/2202\/revisions"}],"wp:attachment":[{"href":"https:\/\/buyegglass.com\/de\/wp-json\/wp\/v2\/media?parent=2202"}],"curies":[{"name":"wp","href":"https:\/\/api.w.org\/{rel}","templated":true}]}}